{"id":1698,"date":"2023-02-16T10:44:03","date_gmt":"2023-02-16T09:44:03","guid":{"rendered":"https:\/\/www.roto-kruna.hr\/?page_id=1698"},"modified":"2024-01-25T14:26:58","modified_gmt":"2024-01-25T13:26:58","slug":"o-nama","status":"publish","type":"page","link":"https:\/\/www.roto-kruna.hr\/de\/o-nama\/","title":{"rendered":"\u00dcber uns"},"content":{"rendered":"<div data-elementor-type=\"wp-page\" data-elementor-id=\"1698\" class=\"elementor elementor-1698\" data-elementor-post-type=\"page\">\n\t\t\t\t\t\t<section class=\"elementor-section elementor-top-section elementor-element elementor-element-bdd44f5 elementor-section-full_width elementor-section-height-default elementor-section-height-default\" data-id=\"bdd44f5\" data-element_type=\"section\">\n\t\t\t\t\t\t<div class=\"elementor-container elementor-column-gap-default\">\n\t\t\t\t\t<div class=\"elementor-column elementor-col-100 elementor-top-column elementor-element elementor-element-7c7d7ee\" data-id=\"7c7d7ee\" data-element_type=\"column\">\n\t\t\t<div class=\"elementor-widget-wrap elementor-element-populated\">\n\t\t\t\t\t\t<div class=\"elementor-element elementor-element-9aecaeb elementor-widget elementor-widget-image\" data-id=\"9aecaeb\" data-element_type=\"widget\" data-widget_type=\"image.default\">\n\t\t\t\t<div class=\"elementor-widget-container\">\n\t\t\t\t\t\t\t\t\t\t\t\t\t\t\t<img fetchpriority=\"high\" decoding=\"async\" width=\"1920\" height=\"500\" src=\"https:\/\/www.roto-kruna.hr\/wp-content\/uploads\/BANNER-SVE-DE-1.png\" class=\"attachment-2048x2048 size-2048x2048 wp-image-2870\" alt=\"\" srcset=\"https:\/\/www.roto-kruna.hr\/wp-content\/uploads\/\/BANNER-SVE-DE-1.png 1920w, https:\/\/www.roto-kruna.hr\/wp-content\/uploads\/\/BANNER-SVE-DE-1-300x78.png 300w, https:\/\/www.roto-kruna.hr\/wp-content\/uploads\/\/BANNER-SVE-DE-1-1024x267.png 1024w, https:\/\/www.roto-kruna.hr\/wp-content\/uploads\/\/BANNER-SVE-DE-1-768x200.png 768w, https:\/\/www.roto-kruna.hr\/wp-content\/uploads\/\/BANNER-SVE-DE-1-1536x400.png 1536w, https:\/\/www.roto-kruna.hr\/wp-content\/uploads\/\/BANNER-SVE-DE-1-18x5.png 18w, https:\/\/www.roto-kruna.hr\/wp-content\/uploads\/\/BANNER-SVE-DE-1-800x208.png 800w\" sizes=\"(max-width: 1920px) 100vw, 1920px\" \/>\t\t\t\t\t\t\t\t\t\t\t\t\t\t\t<\/div>\n\t\t\t\t<\/div>\n\t\t\t\t\t<\/div>\n\t\t<\/div>\n\t\t\t\t\t<\/div>\n\t\t<\/section>\n\t\t\t\t<section class=\"elementor-section elementor-top-section elementor-element elementor-element-65af6ac6 elementor-section-content-middle elementor-section-boxed elementor-section-height-default elementor-section-height-default\" data-id=\"65af6ac6\" data-element_type=\"section\">\n\t\t\t\t\t\t<div class=\"elementor-container elementor-column-gap-no\">\n\t\t\t\t\t<div class=\"elementor-column elementor-col-100 elementor-top-column elementor-element elementor-element-13f189a8\" data-id=\"13f189a8\" data-element_type=\"column\">\n\t\t\t<div class=\"elementor-widget-wrap elementor-element-populated\">\n\t\t\t\t\t\t<div class=\"elementor-element elementor-element-6c4b2945 elementor-widget elementor-widget-heading\" data-id=\"6c4b2945\" data-element_type=\"widget\" data-widget_type=\"heading.default\">\n\t\t\t\t<div class=\"elementor-widget-container\">\n\t\t\t\t\t<h3 class=\"elementor-heading-title elementor-size-default\">\u00dcber uns<\/h3>\t\t\t\t<\/div>\n\t\t\t\t<\/div>\n\t\t\t\t<section class=\"elementor-section elementor-inner-section elementor-element elementor-element-66bc471d elementor-section-boxed elementor-section-height-default elementor-section-height-default\" data-id=\"66bc471d\" data-element_type=\"section\">\n\t\t\t\t\t\t<div class=\"elementor-container elementor-column-gap-default\">\n\t\t\t\t\t<div class=\"elementor-column elementor-col-100 elementor-inner-column elementor-element elementor-element-2c345cff\" data-id=\"2c345cff\" data-element_type=\"column\">\n\t\t\t<div class=\"elementor-widget-wrap elementor-element-populated\">\n\t\t\t\t\t\t<div class=\"elementor-element elementor-element-6905a15 elementor-widget elementor-widget-text-editor\" data-id=\"6905a15\" data-element_type=\"widget\" data-widget_type=\"text-editor.default\">\n\t\t\t\t<div class=\"elementor-widget-container\">\n\t\t\t\t\t\t\t\t\t<p>ROTO Kruna d.o.o. f\u00fcr Produktion und Dienstleistungen wurde Ende 2007 gegr\u00fcndet,\nnachdem es auf der 32. Internationalen Innovationsmesse INOVA 2007 Erfolg hatte. Die\nMesse fand vom 7. bis 11. November 2007 in Zagreb statt, wo das innovative kroatische\nProdukt &quot;Roto-Rasp&quot; zum ersten Mal \u00f6ffentlich und professionell pr\u00e4sentiert wurde. Der\nRoto-Rasp ist ein Universalwerkzeug f\u00fcr handgef\u00fchrte Rotationswinkelschleifer, das zur\nBearbeitung von Holz, Gummi, Kunststoff, Kunstharzen, Styropor und anderen weichen\nMaterialien geeignet ist.<\/p><p>ROTO Kruna d.o.o. wurde am 1. Januar 2008 in Betrieb genommen und hat als Hauptaufgabe die Herstellung eigener innovativer Produkte, n\u00e4mlich der \u201eRoto-Raspel\u201c und sp\u00e4ter neuer Innovationen wie der \u201eBandraspel\u201c und der \u201eHand-Bauraspel\u201c. Neben der Produktion ist es das Ziel des Unternehmens, seine Produkte auf den EU- und globalen M\u00e4rkten zu platzieren.<\/p><p>ROTO Kruna d.o.o. ist ein Familienunternehmen, das von den Innovatoren Ivan, Roman und Tomislav Kruni\u0107 gegr\u00fcndet wurde.<\/p><p>ROTO Kruna d.o.o. wurde jedes Jahr mit dem \u201eExcellence Certificate\u201c ausgezeichnet und wurde mit den \u201eEuropean Business Awards\u201c 2015\/2016 als kroatischer nationaler Meister im europ\u00e4ischen Wettbewerb der Unternehmenseinheiten ausgezeichnet.<\/p><p>Roman Kruni\u0107, Direktor von ROTO Kruna d.o.o., wurde 2012 in das Goldene Buch der erfolgreichsten Manager Kroatiens aufgenommen.<\/p><p>ROTO Kruna d.o.o. geh\u00f6rt zu den Top 10% der besten Unternehmen und Unternehmen in Kroatien, basierend auf einer kombinierten Liste verschiedener Kriterien, von denen das wichtigste die Wertsch\u00f6pfung ist.<\/p>\t\t\t\t\t\t\t\t<\/div>\n\t\t\t\t<\/div>\n\t\t\t\t\t<\/div>\n\t\t<\/div>\n\t\t\t\t\t<\/div>\n\t\t<\/section>\n\t\t\t\t\t<\/div>\n\t\t<\/div>\n\t\t\t\t\t<\/div>\n\t\t<\/section>\n\t\t\t\t<\/div>","protected":false},"excerpt":{"rendered":"<p>O nama ROTO Kruna d.o.o. za proizvodnju i usluge osnovana je krajem 2007.god povodom uspjeha na 32. Me\u0111unarodnom sajmu inovacija INOVA 2007., odr\u017eanog 7.-11. studenog 2007. u Zagrebu, na kojem je prvi put javno i stru\u010dno predstavljen inovativan hrvatski proizvod \u201eRoto ra\u0161pa\u201c, univerzalan alat za ru\u010dne rotiraju\u0107e kutne brusilice koji slu\u017ei za obradu drva, gume, [&hellip;]<\/p>","protected":false},"author":3,"featured_media":0,"parent":0,"menu_order":0,"comment_status":"closed","ping_status":"closed","template":"","meta":{"site-sidebar-layout":"no-sidebar","site-content-layout":"page-builder","ast-site-content-layout":"default","site-content-style":"default","site-sidebar-style":"default","ast-global-header-display":"","ast-banner-title-visibility":"","ast-main-header-display":"","ast-hfb-above-header-display":"","ast-hfb-below-header-display":"","ast-hfb-mobile-header-display":"","site-post-title":"disabled","ast-breadcrumbs-content":"","ast-featured-img":"disabled","footer-sml-layout":"","ast-disable-related-posts":"","theme-transparent-header-meta":"","adv-header-id-meta":"","stick-header-meta":"","header-above-stick-meta":"","header-main-stick-meta":"","header-below-stick-meta":"","astra-migrate-meta-layouts":"default","ast-page-background-enabled":"default","ast-page-background-meta":{"desktop":{"background-color":"var(--ast-global-color-4)","background-image":"","background-repeat":"repeat","background-position":"center center","background-size":"auto","background-attachment":"scroll","background-type":"","background-media":"","overlay-type":"","overlay-color":"","overlay-opacity":"","overlay-gradient":""},"tablet":{"background-color":"","background-image":"","background-repeat":"repeat","background-position":"center center","background-size":"auto","background-attachment":"scroll","background-type":"","background-media":"","overlay-type":"","overlay-color":"","overlay-opacity":"","overlay-gradient":""},"mobile":{"background-color":"","background-image":"","background-repeat":"repeat","background-position":"center center","background-size":"auto","background-attachment":"scroll","background-type":"","background-media":"","overlay-type":"","overlay-color":"","overlay-opacity":"","overlay-gradient":""}},"ast-content-background-meta":{"desktop":{"background-color":"var(--ast-global-color-5)","background-image":"","background-repeat":"repeat","background-position":"center center","background-size":"auto","background-attachment":"scroll","background-type":"","background-media":"","overlay-type":"","overlay-color":"","overlay-opacity":"","overlay-gradient":""},"tablet":{"background-color":"var(--ast-global-color-5)","background-image":"","background-repeat":"repeat","background-position":"center center","background-size":"auto","background-attachment":"scroll","background-type":"","background-media":"","overlay-type":"","overlay-color":"","overlay-opacity":"","overlay-gradient":""},"mobile":{"background-color":"var(--ast-global-color-5)","background-image":"","background-repeat":"repeat","background-position":"center center","background-size":"auto","background-attachment":"scroll","background-type":"","background-media":"","overlay-type":"","overlay-color":"","overlay-opacity":"","overlay-gradient":""}},"footnotes":""},"class_list":["post-1698","page","type-page","status-publish","hentry"],"_links":{"self":[{"href":"https:\/\/www.roto-kruna.hr\/de\/wp-json\/wp\/v2\/pages\/1698","targetHints":{"allow":["GET"]}}],"collection":[{"href":"https:\/\/www.roto-kruna.hr\/de\/wp-json\/wp\/v2\/pages"}],"about":[{"href":"https:\/\/www.roto-kruna.hr\/de\/wp-json\/wp\/v2\/types\/page"}],"author":[{"embeddable":true,"href":"https:\/\/www.roto-kruna.hr\/de\/wp-json\/wp\/v2\/users\/3"}],"replies":[{"embeddable":true,"href":"https:\/\/www.roto-kruna.hr\/de\/wp-json\/wp\/v2\/comments?post=1698"}],"version-history":[{"count":37,"href":"https:\/\/www.roto-kruna.hr\/de\/wp-json\/wp\/v2\/pages\/1698\/revisions"}],"predecessor-version":[{"id":2878,"href":"https:\/\/www.roto-kruna.hr\/de\/wp-json\/wp\/v2\/pages\/1698\/revisions\/2878"}],"wp:attachment":[{"href":"https:\/\/www.roto-kruna.hr\/de\/wp-json\/wp\/v2\/media?parent=1698"}],"curies":[{"name":"wp","href":"https:\/\/api.w.org\/{rel}","templated":true}]}}