{"id":1701,"date":"2023-02-16T10:44:27","date_gmt":"2023-02-16T09:44:27","guid":{"rendered":"https:\/\/www.roto-kruna.hr\/?page_id=1701"},"modified":"2024-01-25T14:46:49","modified_gmt":"2024-01-25T13:46:49","slug":"primjena","status":"publish","type":"page","link":"https:\/\/www.roto-kruna.hr\/de\/primjena\/","title":{"rendered":"Anwendung"},"content":{"rendered":"<div data-elementor-type=\"wp-page\" data-elementor-id=\"1701\" class=\"elementor elementor-1701\" data-elementor-post-type=\"page\">\n\t\t\t\t\t\t<section class=\"elementor-section elementor-top-section elementor-element elementor-element-1374278 elementor-section-full_width elementor-section-height-default elementor-section-height-default\" data-id=\"1374278\" data-element_type=\"section\">\n\t\t\t\t\t\t<div class=\"elementor-container elementor-column-gap-default\">\n\t\t\t\t\t<div class=\"elementor-column elementor-col-100 elementor-top-column elementor-element elementor-element-5efa145\" data-id=\"5efa145\" data-element_type=\"column\">\n\t\t\t<div class=\"elementor-widget-wrap elementor-element-populated\">\n\t\t\t\t\t\t<div class=\"elementor-element elementor-element-8777159 elementor-widget elementor-widget-image\" data-id=\"8777159\" data-element_type=\"widget\" data-widget_type=\"image.default\">\n\t\t\t\t<div class=\"elementor-widget-container\">\n\t\t\t\t\t\t\t\t\t\t\t\t\t\t\t<img fetchpriority=\"high\" decoding=\"async\" width=\"1920\" height=\"500\" src=\"https:\/\/www.roto-kruna.hr\/wp-content\/uploads\/BANNER-SVE-DE-1.png\" class=\"attachment-2048x2048 size-2048x2048 wp-image-2870\" alt=\"\" srcset=\"https:\/\/www.roto-kruna.hr\/wp-content\/uploads\/\/BANNER-SVE-DE-1.png 1920w, https:\/\/www.roto-kruna.hr\/wp-content\/uploads\/\/BANNER-SVE-DE-1-300x78.png 300w, https:\/\/www.roto-kruna.hr\/wp-content\/uploads\/\/BANNER-SVE-DE-1-1024x267.png 1024w, https:\/\/www.roto-kruna.hr\/wp-content\/uploads\/\/BANNER-SVE-DE-1-768x200.png 768w, https:\/\/www.roto-kruna.hr\/wp-content\/uploads\/\/BANNER-SVE-DE-1-1536x400.png 1536w, https:\/\/www.roto-kruna.hr\/wp-content\/uploads\/\/BANNER-SVE-DE-1-18x5.png 18w, https:\/\/www.roto-kruna.hr\/wp-content\/uploads\/\/BANNER-SVE-DE-1-800x208.png 800w\" sizes=\"(max-width: 1920px) 100vw, 1920px\" \/>\t\t\t\t\t\t\t\t\t\t\t\t\t\t\t<\/div>\n\t\t\t\t<\/div>\n\t\t\t\t\t<\/div>\n\t\t<\/div>\n\t\t\t\t\t<\/div>\n\t\t<\/section>\n\t\t\t\t<section class=\"elementor-section elementor-top-section elementor-element elementor-element-005acbb elementor-section-content-middle elementor-section-boxed elementor-section-height-default elementor-section-height-default\" data-id=\"005acbb\" data-element_type=\"section\">\n\t\t\t\t\t\t<div class=\"elementor-container elementor-column-gap-no\">\n\t\t\t\t\t<div class=\"elementor-column elementor-col-100 elementor-top-column elementor-element elementor-element-aa5fbc5\" data-id=\"aa5fbc5\" data-element_type=\"column\">\n\t\t\t<div class=\"elementor-widget-wrap elementor-element-populated\">\n\t\t\t\t\t\t<div class=\"elementor-element elementor-element-ed25d28 elementor-widget elementor-widget-heading\" data-id=\"ed25d28\" data-element_type=\"widget\" data-widget_type=\"heading.default\">\n\t\t\t\t<div class=\"elementor-widget-container\">\n\t\t\t\t\t<h3 class=\"elementor-heading-title elementor-size-default\">ANWENDUNG:<\/h3>\t\t\t\t<\/div>\n\t\t\t\t<\/div>\n\t\t\t\t<section class=\"elementor-section elementor-inner-section elementor-element elementor-element-81e89c3 elementor-section-boxed elementor-section-height-default elementor-section-height-default\" data-id=\"81e89c3\" data-element_type=\"section\">\n\t\t\t\t\t\t<div class=\"elementor-container elementor-column-gap-default\">\n\t\t\t\t\t<div class=\"elementor-column elementor-col-50 elementor-inner-column elementor-element elementor-element-4ab7cb7\" data-id=\"4ab7cb7\" data-element_type=\"column\">\n\t\t\t<div class=\"elementor-widget-wrap elementor-element-populated\">\n\t\t\t\t\t\t<div class=\"elementor-element elementor-element-94e153a elementor-widget elementor-widget-video\" data-id=\"94e153a\" data-element_type=\"widget\" data-settings=\"{&quot;youtube_url&quot;:&quot;https:\\\/\\\/www.youtube.com\\\/watch?v=pC2Tr0qkHNM&amp;ab_channel=ROTOKrunad.o.o.&quot;,&quot;video_type&quot;:&quot;youtube&quot;,&quot;controls&quot;:&quot;yes&quot;}\" data-widget_type=\"video.default\">\n\t\t\t\t<div class=\"elementor-widget-container\">\n\t\t\t\t\t\t\t<div class=\"elementor-wrapper elementor-open-inline\">\n\t\t\t<div class=\"elementor-video\"><\/div>\t\t<\/div>\n\t\t\t\t\t\t<\/div>\n\t\t\t\t<\/div>\n\t\t\t\t\t<\/div>\n\t\t<\/div>\n\t\t\t\t<div class=\"elementor-column elementor-col-50 elementor-inner-column elementor-element elementor-element-449519e\" data-id=\"449519e\" data-element_type=\"column\">\n\t\t\t<div class=\"elementor-widget-wrap elementor-element-populated\">\n\t\t\t\t\t\t<div class=\"elementor-element elementor-element-13a5087 elementor-widget elementor-widget-image\" data-id=\"13a5087\" data-element_type=\"widget\" data-widget_type=\"image.default\">\n\t\t\t\t<div class=\"elementor-widget-container\">\n\t\t\t\t\t\t\t\t\t\t\t\t\t\t\t<img decoding=\"async\" width=\"436\" height=\"492\" data-src=\"https:\/\/www.roto-kruna.hr\/wp-content\/uploads\/montaza.jpg\" class=\"attachment-large size-large wp-image-2342 lazyload\" alt=\"\" data-srcset=\"https:\/\/www.roto-kruna.hr\/wp-content\/uploads\/montaza.jpg 436w, https:\/\/www.roto-kruna.hr\/wp-content\/uploads\/montaza-266x300.jpg 266w, https:\/\/www.roto-kruna.hr\/wp-content\/uploads\/montaza-11x12.jpg 11w\" data-sizes=\"(max-width: 436px) 100vw, 436px\" src=\"data:image\/svg+xml;base64,PHN2ZyB3aWR0aD0iMSIgaGVpZ2h0PSIxIiB4bWxucz0iaHR0cDovL3d3dy53My5vcmcvMjAwMC9zdmciPjwvc3ZnPg==\" style=\"--smush-placeholder-width: 436px; --smush-placeholder-aspect-ratio: 436\/492;\" \/>\t\t\t\t\t\t\t\t\t\t\t\t\t\t\t<\/div>\n\t\t\t\t<\/div>\n\t\t\t\t\t<\/div>\n\t\t<\/div>\n\t\t\t\t\t<\/div>\n\t\t<\/section>\n\t\t\t\t<section class=\"elementor-section elementor-inner-section elementor-element elementor-element-c8ea0d2 elementor-section-boxed elementor-section-height-default elementor-section-height-default\" data-id=\"c8ea0d2\" data-element_type=\"section\">\n\t\t\t\t\t\t<div class=\"elementor-container elementor-column-gap-default\">\n\t\t\t\t\t<div class=\"elementor-column elementor-col-50 elementor-inner-column elementor-element elementor-element-3c87daf\" data-id=\"3c87daf\" data-element_type=\"column\">\n\t\t\t<div class=\"elementor-widget-wrap elementor-element-populated\">\n\t\t\t\t\t\t<div class=\"elementor-element elementor-element-50705ea elementor-align-left elementor-widget elementor-widget-button\" data-id=\"50705ea\" data-element_type=\"widget\" data-widget_type=\"button.default\">\n\t\t\t\t<div class=\"elementor-widget-container\">\n\t\t\t\t\t\t\t\t\t<div class=\"elementor-button-wrapper\">\n\t\t\t\t\t<a class=\"elementor-button elementor-button-link elementor-size-sm elementor-animation-grow\" href=\"https:\/\/www.youtube.com\/watch?v=xCJP35YYsug\">\n\t\t\t\t\t\t<span class=\"elementor-button-content-wrapper\">\n\t\t\t\t\t\t\t\t\t<span class=\"elementor-button-text\">Video ENG<\/span>\n\t\t\t\t\t<\/span>\n\t\t\t\t\t<\/a>\n\t\t\t\t<\/div>\n\t\t\t\t\t\t\t\t<\/div>\n\t\t\t\t<\/div>\n\t\t\t\t\t<\/div>\n\t\t<\/div>\n\t\t\t\t<div class=\"elementor-column elementor-col-50 elementor-inner-column elementor-element elementor-element-6d76d48\" data-id=\"6d76d48\" data-element_type=\"column\">\n\t\t\t<div class=\"elementor-widget-wrap elementor-element-populated\">\n\t\t\t\t\t\t<div class=\"elementor-element elementor-element-bd5fafd elementor-align-left elementor-widget elementor-widget-button\" data-id=\"bd5fafd\" data-element_type=\"widget\" data-widget_type=\"button.default\">\n\t\t\t\t<div class=\"elementor-widget-container\">\n\t\t\t\t\t\t\t\t\t<div class=\"elementor-button-wrapper\">\n\t\t\t\t\t<a class=\"elementor-button elementor-button-link elementor-size-sm elementor-animation-grow\" href=\"https:\/\/www.youtube.com\/watch?v=BMot9MUlZJo\">\n\t\t\t\t\t\t<span class=\"elementor-button-content-wrapper\">\n\t\t\t\t\t\t\t\t\t<span class=\"elementor-button-text\">Video GER<\/span>\n\t\t\t\t\t<\/span>\n\t\t\t\t\t<\/a>\n\t\t\t\t<\/div>\n\t\t\t\t\t\t\t\t<\/div>\n\t\t\t\t<\/div>\n\t\t\t\t\t<\/div>\n\t\t<\/div>\n\t\t\t\t\t<\/div>\n\t\t<\/section>\n\t\t\t\t<section class=\"elementor-section elementor-inner-section elementor-element elementor-element-f30f2ef elementor-section-boxed elementor-section-height-default elementor-section-height-default\" data-id=\"f30f2ef\" data-element_type=\"section\">\n\t\t\t\t\t\t<div class=\"elementor-container elementor-column-gap-default\">\n\t\t\t\t\t<div class=\"elementor-column elementor-col-100 elementor-inner-column elementor-element elementor-element-5053a6d\" data-id=\"5053a6d\" data-element_type=\"column\">\n\t\t\t<div class=\"elementor-widget-wrap elementor-element-populated\">\n\t\t\t\t\t\t<div class=\"elementor-element elementor-element-e931869 elementor-widget elementor-widget-text-editor\" data-id=\"e931869\" data-element_type=\"widget\" data-widget_type=\"text-editor.default\">\n\t\t\t\t<div class=\"elementor-widget-container\">\n\t\t\t\t\t\t\t\t\t<p>Die Montage des Werkzeugs auf dem Winkelschleifer erfolgt, indem es mit der Original-Klemmplatte und Mutter des Schleifers auf seinen Schaft geklemmt wird. Die einfache Installation und Verwendung erfordert keine besonderen Fachkenntnisse oder F\u00e4higkeiten. Die Rotationsraspel ist ein Werkzeug f\u00fcr Profis und Bastler, f\u00fcr jede Werkstatt und f\u00fcr Heimwerker im Haushalt.<\/p><p>Durch die Drehung des Werkzeugs auf dem Schleifer im Bereich von 1500 bis 11000 Umdrehungen pro Minute wird die notwendige Kinematik zum Trennen von Materialien erreicht. Die Rotationsraspel hat gewisse Vorteile gegen\u00fcber bekannten Werkzeugen auf dem Markt, wie Schleifscheiben und Schleifpapieren (LBD). Bei der Bearbeitung der Oberfl\u00e4che von weichen Materialien mit einer Schleifscheibe oder Schleifpapier f\u00fcllen die Sp\u00e4ne schnell den Raum zwischen den Schneidk\u00f6rnern, was die Schleifleistung verringert, die Reibung zwischen Werkzeug und Werkst\u00fcck erh\u00f6ht und die Oberfl\u00e4che verbrennt, was eine weitere Bearbeitung unm\u00f6glich macht .<\/p><p>Bei der \u201eRoto-Rasp\u201c werden Partikel durch Vorspr\u00fcnge auf der Arbeitsfl\u00e4che des Werkzeugs getrennt, die auch die Schneidkanten sind, und unter jedem Vorsprung befindet sich eine \u00d6ffnung zum Entfernen von Sp\u00e4nen, die das F\u00fcllen der Arbeitsfl\u00e4che des Werkzeugs verhindert Werkzeug und erm\u00f6glicht ein kontinuierliches Schneiden der Kante.<\/p><p>Mit der Roto-Raspel l\u00e4sst sich pro Zeiteinheit ein deutlich gr\u00f6\u00dferes Materialvolumen abtragen als mit einer Schleifscheibe oder einem Schleifpapier.<\/p><p>Die Anzahl der abgeschiedenen Partikel h\u00e4ngt vom Druck des Werkzeugs auf die bearbeitete Oberfl\u00e4che ab und ist durch die Gr\u00f6\u00dfe der Schneidvorspr\u00fcnge begrenzt.<\/p>\t\t\t\t\t\t\t\t<\/div>\n\t\t\t\t<\/div>\n\t\t\t\t<div class=\"elementor-element elementor-element-0cf0e36 elementor-widget elementor-widget-image\" data-id=\"0cf0e36\" data-element_type=\"widget\" data-widget_type=\"image.default\">\n\t\t\t\t<div class=\"elementor-widget-container\">\n\t\t\t\t\t\t\t\t\t\t\t\t\t\t\t<img decoding=\"async\" width=\"800\" height=\"802\" data-src=\"https:\/\/www.roto-kruna.hr\/wp-content\/uploads\/roto.jpg-2.png\" class=\"attachment-large size-large wp-image-2511 lazyload\" alt=\"\" data-srcset=\"https:\/\/www.roto-kruna.hr\/wp-content\/uploads\/roto.jpg-2.png 800w, https:\/\/www.roto-kruna.hr\/wp-content\/uploads\/roto.jpg-2-100x100.png 100w, https:\/\/www.roto-kruna.hr\/wp-content\/uploads\/roto.jpg-2-300x300.png 300w, https:\/\/www.roto-kruna.hr\/wp-content\/uploads\/roto.jpg-2-150x150.png 150w, https:\/\/www.roto-kruna.hr\/wp-content\/uploads\/roto.jpg-2-768x770.png 768w, https:\/\/www.roto-kruna.hr\/wp-content\/uploads\/roto.jpg-2-12x12.png 12w\" data-sizes=\"(max-width: 800px) 100vw, 800px\" src=\"data:image\/svg+xml;base64,PHN2ZyB3aWR0aD0iMSIgaGVpZ2h0PSIxIiB4bWxucz0iaHR0cDovL3d3dy53My5vcmcvMjAwMC9zdmciPjwvc3ZnPg==\" style=\"--smush-placeholder-width: 800px; --smush-placeholder-aspect-ratio: 800\/802;\" \/>\t\t\t\t\t\t\t\t\t\t\t\t\t\t\t<\/div>\n\t\t\t\t<\/div>\n\t\t\t\t<div class=\"elementor-element elementor-element-80658cc elementor-widget elementor-widget-text-editor\" data-id=\"80658cc\" data-element_type=\"widget\" data-widget_type=\"text-editor.default\">\n\t\t\t\t<div class=\"elementor-widget-container\">\n\t\t\t\t\t\t\t\t\t<p>\u00a0<\/p><p><span style=\"text-decoration: underline;\"><strong>Wir empfehlen, einen handgef\u00fchrten Winkelschleifer mit Drehzahlregler zu verwenden und die Drehzahl je nach Art des zu bearbeitenden Materials einzustellen, wie in der Tabelle in der Bedienungsanleitung angegeben.<\/strong><\/span><\/p><p><strong>Wichtig! <\/strong><\/p><p><strong>Die Bedienungsanleitung ist ein integraler Bestandteil des Produkts \u201eRoto-Rasp\u201c, die den Kunden ausf\u00fchrlich \u00fcber das Produkt, die Anwendung und die erforderlichen pers\u00f6nlichen Schutzma\u00dfnahmen bei der Verwendung des Produkts informiert. (Schaltfl\u00e4che, die zu den Anweisungen f\u00fchrt)\u00a0<\/strong><\/p>\t\t\t\t\t\t\t\t<\/div>\n\t\t\t\t<\/div>\n\t\t\t\t\t<\/div>\n\t\t<\/div>\n\t\t\t\t\t<\/div>\n\t\t<\/section>\n\t\t\t\t\t<\/div>\n\t\t<\/div>\n\t\t\t\t\t<\/div>\n\t\t<\/section>\n\t\t\t\t<section class=\"elementor-section elementor-top-section elementor-element elementor-element-3969c4e elementor-section-boxed elementor-section-height-default elementor-section-height-default\" data-id=\"3969c4e\" data-element_type=\"section\">\n\t\t\t\t\t\t<div class=\"elementor-container elementor-column-gap-default\">\n\t\t\t\t\t<div class=\"elementor-column elementor-col-100 elementor-top-column elementor-element elementor-element-31b4e1b\" data-id=\"31b4e1b\" data-element_type=\"column\">\n\t\t\t<div class=\"elementor-widget-wrap elementor-element-populated\">\n\t\t\t\t\t\t<div class=\"elementor-element elementor-element-434b413 elementor-align-center elementor-widget elementor-widget-button\" data-id=\"434b413\" data-element_type=\"widget\" data-widget_type=\"button.default\">\n\t\t\t\t<div class=\"elementor-widget-container\">\n\t\t\t\t\t\t\t\t\t<div class=\"elementor-button-wrapper\">\n\t\t\t\t\t<a class=\"elementor-button elementor-button-link elementor-size-sm elementor-animation-grow\" href=\"https:\/\/www.roto-kruna.hr\/de\/upute\/\">\n\t\t\t\t\t\t<span class=\"elementor-button-content-wrapper\">\n\t\t\t\t\t\t\t\t\t<span class=\"elementor-button-text\">Benutzerhandbuck<\/span>\n\t\t\t\t\t<\/span>\n\t\t\t\t\t<\/a>\n\t\t\t\t<\/div>\n\t\t\t\t\t\t\t\t<\/div>\n\t\t\t\t<\/div>\n\t\t\t\t\t<\/div>\n\t\t<\/div>\n\t\t\t\t\t<\/div>\n\t\t<\/section>\n\t\t\t\t<section class=\"elementor-section elementor-top-section elementor-element elementor-element-c7888bb elementor-section-boxed elementor-section-height-default elementor-section-height-default\" data-id=\"c7888bb\" data-element_type=\"section\">\n\t\t\t\t\t\t<div class=\"elementor-container elementor-column-gap-default\">\n\t\t\t\t\t<div class=\"elementor-column elementor-col-50 elementor-top-column elementor-element elementor-element-8c72257\" data-id=\"8c72257\" data-element_type=\"column\">\n\t\t\t<div class=\"elementor-widget-wrap elementor-element-populated\">\n\t\t\t\t\t\t<div class=\"elementor-element elementor-element-277386c elementor-widget elementor-widget-image\" data-id=\"277386c\" data-element_type=\"widget\" data-widget_type=\"image.default\">\n\t\t\t\t<div class=\"elementor-widget-container\">\n\t\t\t\t\t\t\t\t\t\t\t\t\t\t\t<img decoding=\"async\" width=\"1024\" height=\"387\" data-src=\"https:\/\/www.roto-kruna.hr\/wp-content\/uploads\/Slika-1-1024x387.jpg\" class=\"attachment-large size-large wp-image-2745 lazyload\" alt=\"\" data-srcset=\"https:\/\/www.roto-kruna.hr\/wp-content\/uploads\/Slika-1-1024x387.jpg 1024w, https:\/\/www.roto-kruna.hr\/wp-content\/uploads\/Slika-1-800x302.jpg 800w, https:\/\/www.roto-kruna.hr\/wp-content\/uploads\/Slika-1-300x113.jpg 300w, https:\/\/www.roto-kruna.hr\/wp-content\/uploads\/Slika-1-768x290.jpg 768w, https:\/\/www.roto-kruna.hr\/wp-content\/uploads\/Slika-1-18x7.jpg 18w, https:\/\/www.roto-kruna.hr\/wp-content\/uploads\/Slika-1.jpg 1388w\" data-sizes=\"(max-width: 1024px) 100vw, 1024px\" src=\"data:image\/svg+xml;base64,PHN2ZyB3aWR0aD0iMSIgaGVpZ2h0PSIxIiB4bWxucz0iaHR0cDovL3d3dy53My5vcmcvMjAwMC9zdmciPjwvc3ZnPg==\" style=\"--smush-placeholder-width: 1024px; --smush-placeholder-aspect-ratio: 1024\/387;\" \/>\t\t\t\t\t\t\t\t\t\t\t\t\t\t\t<\/div>\n\t\t\t\t<\/div>\n\t\t\t\t\t<\/div>\n\t\t<\/div>\n\t\t\t\t<div class=\"elementor-column elementor-col-50 elementor-top-column elementor-element elementor-element-0208893\" data-id=\"0208893\" data-element_type=\"column\">\n\t\t\t<div class=\"elementor-widget-wrap elementor-element-populated\">\n\t\t\t\t\t\t<div class=\"elementor-element elementor-element-a4a1d5d elementor-widget elementor-widget-image\" data-id=\"a4a1d5d\" data-element_type=\"widget\" data-widget_type=\"image.default\">\n\t\t\t\t<div class=\"elementor-widget-container\">\n\t\t\t\t\t\t\t\t\t\t\t\t\t\t\t<img decoding=\"async\" width=\"1024\" height=\"387\" data-src=\"https:\/\/www.roto-kruna.hr\/wp-content\/uploads\/Slika2-1024x387.jpg\" class=\"attachment-large size-large wp-image-2746 lazyload\" alt=\"\" data-srcset=\"https:\/\/www.roto-kruna.hr\/wp-content\/uploads\/Slika2-1024x387.jpg 1024w, https:\/\/www.roto-kruna.hr\/wp-content\/uploads\/Slika2-800x302.jpg 800w, https:\/\/www.roto-kruna.hr\/wp-content\/uploads\/Slika2-300x113.jpg 300w, https:\/\/www.roto-kruna.hr\/wp-content\/uploads\/Slika2-768x290.jpg 768w, https:\/\/www.roto-kruna.hr\/wp-content\/uploads\/Slika2-18x7.jpg 18w, https:\/\/www.roto-kruna.hr\/wp-content\/uploads\/Slika2.jpg 1388w\" data-sizes=\"(max-width: 1024px) 100vw, 1024px\" src=\"data:image\/svg+xml;base64,PHN2ZyB3aWR0aD0iMSIgaGVpZ2h0PSIxIiB4bWxucz0iaHR0cDovL3d3dy53My5vcmcvMjAwMC9zdmciPjwvc3ZnPg==\" style=\"--smush-placeholder-width: 1024px; --smush-placeholder-aspect-ratio: 1024\/387;\" \/>\t\t\t\t\t\t\t\t\t\t\t\t\t\t\t<\/div>\n\t\t\t\t<\/div>\n\t\t\t\t\t<\/div>\n\t\t<\/div>\n\t\t\t\t\t<\/div>\n\t\t<\/section>\n\t\t\t\t<section class=\"elementor-section elementor-top-section elementor-element elementor-element-90e607b elementor-section-boxed elementor-section-height-default elementor-section-height-default\" data-id=\"90e607b\" data-element_type=\"section\">\n\t\t\t\t\t\t<div class=\"elementor-container elementor-column-gap-default\">\n\t\t\t\t\t<div class=\"elementor-column elementor-col-100 elementor-top-column elementor-element elementor-element-dc71834\" data-id=\"dc71834\" data-element_type=\"column\">\n\t\t\t<div class=\"elementor-widget-wrap elementor-element-populated\">\n\t\t\t\t\t\t<div class=\"elementor-element elementor-element-b05d7d1 elementor-widget elementor-widget-image\" data-id=\"b05d7d1\" data-element_type=\"widget\" data-widget_type=\"image.default\">\n\t\t\t\t<div class=\"elementor-widget-container\">\n\t\t\t\t\t\t\t\t\t\t\t\t\t\t\t<img decoding=\"async\" width=\"1024\" height=\"387\" data-src=\"https:\/\/www.roto-kruna.hr\/wp-content\/uploads\/Slika3-1024x387.jpg\" class=\"attachment-large size-large wp-image-2747 lazyload\" alt=\"\" data-srcset=\"https:\/\/www.roto-kruna.hr\/wp-content\/uploads\/Slika3-1024x387.jpg 1024w, https:\/\/www.roto-kruna.hr\/wp-content\/uploads\/Slika3-800x302.jpg 800w, https:\/\/www.roto-kruna.hr\/wp-content\/uploads\/Slika3-300x113.jpg 300w, https:\/\/www.roto-kruna.hr\/wp-content\/uploads\/Slika3-768x290.jpg 768w, https:\/\/www.roto-kruna.hr\/wp-content\/uploads\/Slika3-18x7.jpg 18w, https:\/\/www.roto-kruna.hr\/wp-content\/uploads\/Slika3.jpg 1388w\" data-sizes=\"(max-width: 1024px) 100vw, 1024px\" src=\"data:image\/svg+xml;base64,PHN2ZyB3aWR0aD0iMSIgaGVpZ2h0PSIxIiB4bWxucz0iaHR0cDovL3d3dy53My5vcmcvMjAwMC9zdmciPjwvc3ZnPg==\" style=\"--smush-placeholder-width: 1024px; --smush-placeholder-aspect-ratio: 1024\/387;\" \/>\t\t\t\t\t\t\t\t\t\t\t\t\t\t\t<\/div>\n\t\t\t\t<\/div>\n\t\t\t\t\t<\/div>\n\t\t<\/div>\n\t\t\t\t\t<\/div>\n\t\t<\/section>\n\t\t\t\t<\/div>","protected":false},"excerpt":{"rendered":"<p>Primjena Roto ra\u0161pe Video ENG Video GER Monta\u017ea alata na kutnu brusilicu vr\u0161i se stezanjem na njezinu osovinu pomo\u0107u originalne stezne plo\u010de i matice iz brusilice, jednostavnost ugradnje i kori\u0161tenja ne zahtijeva posebna stru\u010dna znanja i vje\u0161tine. Roto ra\u0161pa je alat namijenjen profesionalcima i hobistima, za svaku radionicu i za \u201curadi sam\u201d majstore u ku\u0107anstvu. [&hellip;]<\/p>","protected":false},"author":3,"featured_media":0,"parent":0,"menu_order":0,"comment_status":"closed","ping_status":"closed","template":"","meta":{"site-sidebar-layout":"no-sidebar","site-content-layout":"page-builder","ast-site-content-layout":"default","site-content-style":"default","site-sidebar-style":"default","ast-global-header-display":"","ast-banner-title-visibility":"","ast-main-header-display":"","ast-hfb-above-header-display":"","ast-hfb-below-header-display":"","ast-hfb-mobile-header-display":"","site-post-title":"disabled","ast-breadcrumbs-content":"","ast-featured-img":"disabled","footer-sml-layout":"","ast-disable-related-posts":"","theme-transparent-header-meta":"","adv-header-id-meta":"","stick-header-meta":"","header-above-stick-meta":"","header-main-stick-meta":"","header-below-stick-meta":"","astra-migrate-meta-layouts":"default","ast-page-background-enabled":"default","ast-page-background-meta":{"desktop":{"background-color":"var(--ast-global-color-4)","background-image":"","background-repeat":"repeat","background-position":"center center","background-size":"auto","background-attachment":"scroll","background-type":"","background-media":"","overlay-type":"","overlay-color":"","overlay-opacity":"","overlay-gradient":""},"tablet":{"background-color":"","background-image":"","background-repeat":"repeat","background-position":"center center","background-size":"auto","background-attachment":"scroll","background-type":"","background-media":"","overlay-type":"","overlay-color":"","overlay-opacity":"","overlay-gradient":""},"mobile":{"background-color":"","background-image":"","background-repeat":"repeat","background-position":"center center","background-size":"auto","background-attachment":"scroll","background-type":"","background-media":"","overlay-type":"","overlay-color":"","overlay-opacity":"","overlay-gradient":""}},"ast-content-background-meta":{"desktop":{"background-color":"var(--ast-global-color-5)","background-image":"","background-repeat":"repeat","background-position":"center center","background-size":"auto","background-attachment":"scroll","background-type":"","background-media":"","overlay-type":"","overlay-color":"","overlay-opacity":"","overlay-gradient":""},"tablet":{"background-color":"var(--ast-global-color-5)","background-image":"","background-repeat":"repeat","background-position":"center center","background-size":"auto","background-attachment":"scroll","background-type":"","background-media":"","overlay-type":"","overlay-color":"","overlay-opacity":"","overlay-gradient":""},"mobile":{"background-color":"var(--ast-global-color-5)","background-image":"","background-repeat":"repeat","background-position":"center center","background-size":"auto","background-attachment":"scroll","background-type":"","background-media":"","overlay-type":"","overlay-color":"","overlay-opacity":"","overlay-gradient":""}},"footnotes":""},"class_list":["post-1701","page","type-page","status-publish","hentry"],"_links":{"self":[{"href":"https:\/\/www.roto-kruna.hr\/de\/wp-json\/wp\/v2\/pages\/1701","targetHints":{"allow":["GET"]}}],"collection":[{"href":"https:\/\/www.roto-kruna.hr\/de\/wp-json\/wp\/v2\/pages"}],"about":[{"href":"https:\/\/www.roto-kruna.hr\/de\/wp-json\/wp\/v2\/types\/page"}],"author":[{"embeddable":true,"href":"https:\/\/www.roto-kruna.hr\/de\/wp-json\/wp\/v2\/users\/3"}],"replies":[{"embeddable":true,"href":"https:\/\/www.roto-kruna.hr\/de\/wp-json\/wp\/v2\/comments?post=1701"}],"version-history":[{"count":76,"href":"https:\/\/www.roto-kruna.hr\/de\/wp-json\/wp\/v2\/pages\/1701\/revisions"}],"predecessor-version":[{"id":2889,"href":"https:\/\/www.roto-kruna.hr\/de\/wp-json\/wp\/v2\/pages\/1701\/revisions\/2889"}],"wp:attachment":[{"href":"https:\/\/www.roto-kruna.hr\/de\/wp-json\/wp\/v2\/media?parent=1701"}],"curies":[{"name":"wp","href":"https:\/\/api.w.org\/{rel}","templated":true}]}}