{"id":1785,"date":"2023-02-17T15:22:06","date_gmt":"2023-02-17T14:22:06","guid":{"rendered":"https:\/\/www.roto-kruna.hr\/?post_type=product&#038;p=1785"},"modified":"2025-04-29T15:43:09","modified_gmt":"2025-04-29T13:43:09","slug":"roto-raspa-za-obradu-drveta-i-mekanih-materijala-115mm-25mm","status":"publish","type":"product","link":"https:\/\/www.roto-kruna.hr\/de\/produkt\/roto-raspa-za-obradu-drveta-i-mekanih-materijala-115mm-25mm\/","title":{"rendered":"Roto-Raspel \u00f8115 x \u00f822,2 mm Schleifbl\u00e4tter 2,5 mm (grobe Klinge)"},"content":{"rendered":"<p>\"Roto-Rasp\" ist ein universelles Werkzeug f\u00fcr manuelle Rotationswinkelschleifer zur Bearbeitung von Holz, Kunststoff, Reifen, Kunstharzen und anderen \"weichen\" Materialien, einschlie\u00dflich Kupfer und Aluminium. Aufgrund seiner Konstruktion kann im Vergleich zu Schleiftellern oder Schleifpapier ein gr\u00f6\u00dferes Materialvolumen abgetragen werden und seine Standzeit ist mehrere zehnmal l\u00e4nger als beispielsweise ein Teller mit Lamellenschleifpapier. Dadurch wird eine h\u00f6here Arbeitsgeschwindigkeit bei geringerem Werkzeugverbrauch erreicht. Die Einfachheit der Installation und Verwendung erfordert keine besonderen Fachkenntnisse und F\u00e4higkeiten. Die Gebrauchsanweisung und die Arbeitsschutzma\u00dfnahmen sind zu Ihrer eigenen Sicherheit unbedingt zu befolgen.<\/p>\n<table width=\"1160\">\n<tbody>\n<tr>\n<td width=\"394\"><strong>Typ<\/strong><\/td>\n<td width=\"766\">Schleifscheibe f\u00fcr Holz<\/td>\n<\/tr>\n<tr>\n<td width=\"394\"><strong>Leistung<\/strong><\/td>\n<td width=\"766\">grobe Bearbeitung<\/td>\n<\/tr>\n<tr>\n<td width=\"394\"><strong>Bohrung<\/strong><\/td>\n<td width=\"766\">22,22 mm<\/td>\n<\/tr>\n<tr>\n<td width=\"394\"><strong>Durchmesser des Schneidebretts<\/strong><\/td>\n<td width=\"766\">115 mm<\/td>\n<\/tr>\n<tr>\n<td width=\"394\"><strong>Geeignet f\u00fcr die Verarbeitung von<\/strong><\/td>\n<td width=\"766\">Holz\/Kunststoff\/Gummi\/Kunstharz\/Styropor<\/td>\n<\/tr>\n<tr>\n<td width=\"394\"><strong>Schleifblattgr\u00f6\u00dfe<\/strong><\/td>\n<td width=\"766\">2,5 mm<\/td>\n<\/tr>\n<tr>\n<td width=\"394\"><strong>Material<\/strong><\/td>\n<td width=\"766\">Stahl DC 01-nitriert<\/td>\n<\/tr>\n<tr>\n<td width=\"394\"><strong>Maximale Drehzahl<\/strong><\/td>\n<td width=\"766\">11.000 U\/min<\/td>\n<\/tr>\n<tr>\n<td width=\"394\"><strong>Vorgesehen f\u00fcr<\/strong><\/td>\n<td width=\"766\">manuellen Winkelschleifer - \u00d8 115 mm<\/td>\n<\/tr>\n<tr>\n<td width=\"394\"><strong>Plattendicke<\/strong><\/td>\n<td width=\"766\">0,75 mm<\/td>\n<\/tr>\n<tr>\n<td width=\"394\"><strong>Anwendung des<\/strong><\/td>\n<td width=\"766\">Schleifens durch Abtrennung von Partikeln<\/td>\n<\/tr>\n<tr>\n<td width=\"394\"><strong>Gewicht<\/strong><\/td>\n<td width=\"766\">65 g<\/td>\n<\/tr>\n<\/tbody>\n<\/table>\n<p><strong>Produktbezeichnung\u00a0\u00a0\u00a0\u00a0\u00a0\u00a0\u00a0\u00a0\u00a0\u00a0\u00a0\u00a0\u00a0\u00a0\u00a0\u00a0\u00a0\u00a0\u00a0\u00a0\u00a0\u00a0\u00a0\u00a0\u00a0\u00a0\u00a0\u00a0\u00a0\u00a0\u00a0\u00a0\u00a0\u00a0\u00a0\u00a0\u00a0\u00a0\u00a0\u00a0\u00a0\u00a0\u00a0\u00a0\u00a0\u00a0\u00a0\u00a0\u00a0\u00a0\u00a0\u00a0\u00a0\u00a0\u00a0\u00a0\u00a0\u00a0\u00a0\u00a0\u00a0\u00a0 \u00a0\u00a0<\/strong>\u00a0 R-2.5\/115-Z<\/p>\n<p><strong>EAN Code\u00a0\u00a0\u00a0\u00a0 <\/strong>\u00a0 \u00a0 \u00a0 \u00a0 \u00a0 \u00a0 \u00a0 \u00a0 \u00a0 \u00a0 \u00a0 \u00a0 \u00a0 \u00a0 \u00a0 \u00a0 \u00a0 \u00a0 \u00a0 \u00a0 \u00a0 \u00a0 \u00a0 \u00a0 \u00a0 \u00a0 \u00a0 \u00a0 \u00a0 \u00a0 \u00a0 \u00a0 \u00a0 \u00a0 \u00a0 \u00a0 \u00a0 \u00a0 \u00a0 \u00a0 \u00a0 3859891745036<\/p>","protected":false},"excerpt":{"rendered":"<p>\u2013 2,5 mm (grau) \u2013 Universalwerkzeug, ausgelegt f\u00fcr einen manuellen Winkelschleifer mit einem Durchmesser von 115 mm. Schleifbl\u00e4tter von 2,5 mm werden f\u00fcr die grobe Bearbeitung verwendet<\/p>\n<p>Gebrauchsanweisung: <a href=\"https:\/\/www.roto-kruna.hr\/wp-content\/uploads\/Upute-za-uporabu-HRVATSKI-2023..pdf\">HR,<\/a> <a href=\"https:\/\/www.roto-kruna.hr\/wp-content\/uploads\/Upute-za-uporabu-ENGLESKI-2023..pdf\">ENG<\/a>, <a href=\"https:\/\/www.roto-kruna.hr\/wp-content\/uploads\/Upute-za-uporabu-Njemacki-2023..pdf\">DE<\/a><\/p>","protected":false},"featured_media":2915,"template":"","meta":{"site-sidebar-layout":"default","site-content-layout":"default","ast-site-content-layout":"default","site-content-style":"default","site-sidebar-style":"default","ast-global-header-display":"","ast-banner-title-visibility":"","ast-main-header-display":"","ast-hfb-above-header-display":"","ast-hfb-below-header-display":"","ast-hfb-mobile-header-display":"","site-post-title":"","ast-breadcrumbs-content":"","ast-featured-img":"","footer-sml-layout":"","ast-disable-related-posts":"","theme-transparent-header-meta":"default","adv-header-id-meta":"","stick-header-meta":"","header-above-stick-meta":"","header-main-stick-meta":"","header-below-stick-meta":"","astra-migrate-meta-layouts":"set","ast-page-background-enabled":"default","ast-page-background-meta":{"desktop":{"background-color":"var(--ast-global-color-4)","background-image":"","background-repeat":"repeat","background-position":"center center","background-size":"auto","background-attachment":"scroll","background-type":"","background-media":"","overlay-type":"","overlay-color":"","overlay-opacity":"","overlay-gradient":""},"tablet":{"background-color":"","background-image":"","background-repeat":"repeat","background-position":"center center","background-size":"auto","background-attachment":"scroll","background-type":"","background-media":"","overlay-type":"","overlay-color":"","overlay-opacity":"","overlay-gradient":""},"mobile":{"background-color":"","background-image":"","background-repeat":"repeat","background-position":"center center","background-size":"auto","background-attachment":"scroll","background-type":"","background-media":"","overlay-type":"","overlay-color":"","overlay-opacity":"","overlay-gradient":""}},"ast-content-background-meta":{"desktop":{"background-color":"var(--ast-global-color-5)","background-image":"","background-repeat":"repeat","background-position":"center center","background-size":"auto","background-attachment":"scroll","background-type":"","background-media":"","overlay-type":"","overlay-color":"","overlay-opacity":"","overlay-gradient":""},"tablet":{"background-color":"var(--ast-global-color-5)","background-image":"","background-repeat":"repeat","background-position":"center center","background-size":"auto","background-attachment":"scroll","background-type":"","background-media":"","overlay-type":"","overlay-color":"","overlay-opacity":"","overlay-gradient":""},"mobile":{"background-color":"var(--ast-global-color-5)","background-image":"","background-repeat":"repeat","background-position":"center center","background-size":"auto","background-attachment":"scroll","background-type":"","background-media":"","overlay-type":"","overlay-color":"","overlay-opacity":"","overlay-gradient":""}}},"product_brand":[],"product_cat":[88],"product_tag":[],"class_list":{"0":"post-1785","1":"product","2":"type-product","3":"status-publish","4":"has-post-thumbnail","6":"product_cat-roto-raspe","7":"desktop-align-left","8":"tablet-align-left","9":"mobile-align-left","11":"first","12":"instock","13":"taxable","14":"shipping-taxable","15":"purchasable","16":"product-type-simple"},"_links":{"self":[{"href":"https:\/\/www.roto-kruna.hr\/de\/wp-json\/wp\/v2\/product\/1785","targetHints":{"allow":["GET"]}}],"collection":[{"href":"https:\/\/www.roto-kruna.hr\/de\/wp-json\/wp\/v2\/product"}],"about":[{"href":"https:\/\/www.roto-kruna.hr\/de\/wp-json\/wp\/v2\/types\/product"}],"wp:featuredmedia":[{"embeddable":true,"href":"https:\/\/www.roto-kruna.hr\/de\/wp-json\/wp\/v2\/media\/2915"}],"wp:attachment":[{"href":"https:\/\/www.roto-kruna.hr\/de\/wp-json\/wp\/v2\/media?parent=1785"}],"wp:term":[{"taxonomy":"product_brand","embeddable":true,"href":"https:\/\/www.roto-kruna.hr\/de\/wp-json\/wp\/v2\/product_brand?post=1785"},{"taxonomy":"product_cat","embeddable":true,"href":"https:\/\/www.roto-kruna.hr\/de\/wp-json\/wp\/v2\/product_cat?post=1785"},{"taxonomy":"product_tag","embeddable":true,"href":"https:\/\/www.roto-kruna.hr\/de\/wp-json\/wp\/v2\/product_tag?post=1785"}],"curies":[{"name":"wp","href":"https:\/\/api.w.org\/{rel}","templated":true}]}}