{"id":1699,"date":"2023-02-16T10:44:17","date_gmt":"2023-02-16T09:44:17","guid":{"rendered":"https:\/\/www.roto-kruna.hr\/?page_id=1699"},"modified":"2024-01-30T12:09:44","modified_gmt":"2024-01-30T11:09:44","slug":"proizvodi","status":"publish","type":"page","link":"https:\/\/www.roto-kruna.hr\/en\/proizvodi\/","title":{"rendered":"Products"},"content":{"rendered":"<div data-elementor-type=\"wp-page\" data-elementor-id=\"1699\" class=\"elementor elementor-1699\" data-elementor-post-type=\"page\">\n\t\t\t\t\t\t<section class=\"elementor-section elementor-top-section elementor-element elementor-element-eff28a1 elementor-section-full_width elementor-section-height-default elementor-section-height-default\" data-id=\"eff28a1\" data-element_type=\"section\">\n\t\t\t\t\t\t<div class=\"elementor-container elementor-column-gap-default\">\n\t\t\t\t\t<div class=\"elementor-column elementor-col-100 elementor-top-column elementor-element elementor-element-d2668e7\" data-id=\"d2668e7\" data-element_type=\"column\">\n\t\t\t<div class=\"elementor-widget-wrap elementor-element-populated\">\n\t\t\t\t\t\t<div class=\"elementor-element elementor-element-b451e31 elementor-widget elementor-widget-image\" data-id=\"b451e31\" data-element_type=\"widget\" data-widget_type=\"image.default\">\n\t\t\t\t<div class=\"elementor-widget-container\">\n\t\t\t\t\t\t\t\t\t\t\t\t\t\t\t<img fetchpriority=\"high\" decoding=\"async\" width=\"1920\" height=\"500\" src=\"https:\/\/www.roto-kruna.hr\/wp-content\/uploads\/BANNER-SVE-EN.png\" class=\"attachment-2048x2048 size-2048x2048 wp-image-2870\" alt=\"\" srcset=\"https:\/\/www.roto-kruna.hr\/wp-content\/uploads\/\/BANNER-SVE-EN.png 1920w, https:\/\/www.roto-kruna.hr\/wp-content\/uploads\/\/BANNER-SVE-EN-300x78.png 300w, https:\/\/www.roto-kruna.hr\/wp-content\/uploads\/\/BANNER-SVE-EN-1024x267.png 1024w, https:\/\/www.roto-kruna.hr\/wp-content\/uploads\/\/BANNER-SVE-EN-768x200.png 768w, https:\/\/www.roto-kruna.hr\/wp-content\/uploads\/\/BANNER-SVE-EN-1536x400.png 1536w, https:\/\/www.roto-kruna.hr\/wp-content\/uploads\/\/BANNER-SVE-EN-18x5.png 18w, https:\/\/www.roto-kruna.hr\/wp-content\/uploads\/\/BANNER-SVE-EN-800x208.png 800w\" sizes=\"(max-width: 1920px) 100vw, 1920px\" \/>\t\t\t\t\t\t\t\t\t\t\t\t\t\t\t<\/div>\n\t\t\t\t<\/div>\n\t\t\t\t\t<\/div>\n\t\t<\/div>\n\t\t\t\t\t<\/div>\n\t\t<\/section>\n\t\t\t\t<section class=\"elementor-section elementor-top-section elementor-element elementor-element-80c79c3 elementor-section-content-middle elementor-section-boxed elementor-section-height-default elementor-section-height-default\" data-id=\"80c79c3\" data-element_type=\"section\">\n\t\t\t\t\t\t<div class=\"elementor-container elementor-column-gap-no\">\n\t\t\t\t\t<div class=\"elementor-column elementor-col-100 elementor-top-column elementor-element elementor-element-f04fa83\" data-id=\"f04fa83\" data-element_type=\"column\">\n\t\t\t<div class=\"elementor-widget-wrap elementor-element-populated\">\n\t\t\t\t\t\t<div class=\"elementor-element elementor-element-6593f82 elementor-widget elementor-widget-heading\" data-id=\"6593f82\" data-element_type=\"widget\" data-widget_type=\"heading.default\">\n\t\t\t\t<div class=\"elementor-widget-container\">\n\t\t\t\t\t<h3 class=\"elementor-heading-title elementor-size-default\">Products<\/h3>\t\t\t\t<\/div>\n\t\t\t\t<\/div>\n\t\t\t\t<div class=\"elementor-element elementor-element-2c75c77 elementor-widget elementor-widget-text-editor\" data-id=\"2c75c77\" data-element_type=\"widget\" data-widget_type=\"text-editor.default\">\n\t\t\t\t<div class=\"elementor-widget-container\">\n\t\t\t\t\t\t\t\t\tROTO Kruna d.o.o. offers three types of its innovative tools:\t\t\t\t\t\t\t\t<\/div>\n\t\t\t\t<\/div>\n\t\t\t\t<section class=\"elementor-section elementor-inner-section elementor-element elementor-element-247a62d elementor-section-boxed elementor-section-height-default elementor-section-height-default\" data-id=\"247a62d\" data-element_type=\"section\">\n\t\t\t\t\t\t<div class=\"elementor-container elementor-column-gap-default\">\n\t\t\t\t\t<div class=\"elementor-column elementor-col-50 elementor-inner-column elementor-element elementor-element-5725e0b\" data-id=\"5725e0b\" data-element_type=\"column\">\n\t\t\t<div class=\"elementor-widget-wrap\">\n\t\t\t\t\t\t\t<\/div>\n\t\t<\/div>\n\t\t\t\t<div class=\"elementor-column elementor-col-50 elementor-inner-column elementor-element elementor-element-24bbfe7\" data-id=\"24bbfe7\" data-element_type=\"column\">\n\t\t\t<div class=\"elementor-widget-wrap\">\n\t\t\t\t\t\t\t<\/div>\n\t\t<\/div>\n\t\t\t\t\t<\/div>\n\t\t<\/section>\n\t\t\t\t\t<\/div>\n\t\t<\/div>\n\t\t\t\t\t<\/div>\n\t\t<\/section>\n\t\t\t\t<section class=\"elementor-section elementor-top-section elementor-element elementor-element-a0b5aaf elementor-section-boxed elementor-section-height-default elementor-section-height-default\" data-id=\"a0b5aaf\" data-element_type=\"section\">\n\t\t\t\t\t\t<div class=\"elementor-container elementor-column-gap-default\">\n\t\t\t\t\t<div class=\"elementor-column elementor-col-100 elementor-top-column elementor-element elementor-element-7742913\" data-id=\"7742913\" data-element_type=\"column\">\n\t\t\t<div class=\"elementor-widget-wrap\">\n\t\t\t\t\t\t\t<\/div>\n\t\t<\/div>\n\t\t\t\t\t<\/div>\n\t\t<\/section>\n\t\t\t\t<section class=\"elementor-section elementor-top-section elementor-element elementor-element-c0c3b6d elementor-section-content-middle elementor-section-boxed elementor-section-height-default elementor-section-height-default\" data-id=\"c0c3b6d\" data-element_type=\"section\">\n\t\t\t\t\t\t<div class=\"elementor-container elementor-column-gap-no\">\n\t\t\t\t\t<div class=\"elementor-column elementor-col-100 elementor-top-column elementor-element elementor-element-344394c\" data-id=\"344394c\" data-element_type=\"column\">\n\t\t\t<div class=\"elementor-widget-wrap elementor-element-populated\">\n\t\t\t\t\t\t<section class=\"elementor-section elementor-inner-section elementor-element elementor-element-f00eda9 elementor-section-boxed elementor-section-height-default elementor-section-height-default\" data-id=\"f00eda9\" data-element_type=\"section\">\n\t\t\t\t\t\t<div class=\"elementor-container elementor-column-gap-default\">\n\t\t\t\t\t<div class=\"elementor-column elementor-col-50 elementor-inner-column elementor-element elementor-element-203a6db\" data-id=\"203a6db\" data-element_type=\"column\">\n\t\t\t<div class=\"elementor-widget-wrap elementor-element-populated\">\n\t\t\t\t\t\t<div class=\"elementor-element elementor-element-e0067c9 elementor-widget elementor-widget-text-editor\" data-id=\"e0067c9\" data-element_type=\"widget\" data-widget_type=\"text-editor.default\">\n\t\t\t\t<div class=\"elementor-widget-container\">\n\t\t\t\t\t\t\t\t\t<p>Roto rasp<\/p>\t\t\t\t\t\t\t\t<\/div>\n\t\t\t\t<\/div>\n\t\t\t\t<div class=\"elementor-element elementor-element-54ffdf0 elementor-widget elementor-widget-text-editor\" data-id=\"54ffdf0\" data-element_type=\"widget\" data-widget_type=\"text-editor.default\">\n\t\t\t\t<div class=\"elementor-widget-container\">\n\t\t\t\t\t\t\t\t\t<p>Roto rasp is an innovative Croatian product, a universal tool for processing soft materials such as wood, plastic, rubber, polystyrene, artificial resins, etc., designed for installation on a hand-held rotating angle grinder.<\/p><p>Due to the tool's construction, Roto rasp can remove a larger volume of shavings than is possible with a grinding disc or sandpaper.<\/p><p>Ease of installation and use does not require special expertise or skills.<\/p>\t\t\t\t\t\t\t\t<\/div>\n\t\t\t\t<\/div>\n\t\t\t\t\t<\/div>\n\t\t<\/div>\n\t\t\t\t<div class=\"elementor-column elementor-col-50 elementor-inner-column elementor-element elementor-element-c4e4867\" data-id=\"c4e4867\" data-element_type=\"column\">\n\t\t\t<div class=\"elementor-widget-wrap elementor-element-populated\">\n\t\t\t\t\t\t<div class=\"elementor-element elementor-element-abdee9c elementor-widget elementor-widget-image\" data-id=\"abdee9c\" data-element_type=\"widget\" data-settings=\"{&quot;motion_fx_motion_fx_scrolling&quot;:&quot;yes&quot;,&quot;motion_fx_rotateZ_effect&quot;:&quot;yes&quot;,&quot;motion_fx_rotateZ_direction&quot;:&quot;negative&quot;,&quot;motion_fx_rotateZ_speed&quot;:{&quot;unit&quot;:&quot;px&quot;,&quot;size&quot;:1.2,&quot;sizes&quot;:[]},&quot;motion_fx_rotateZ_affectedRange&quot;:{&quot;unit&quot;:&quot;%&quot;,&quot;size&quot;:&quot;&quot;,&quot;sizes&quot;:{&quot;start&quot;:0,&quot;end&quot;:100}},&quot;motion_fx_devices&quot;:[&quot;desktop&quot;,&quot;tablet&quot;,&quot;mobile&quot;]}\" data-widget_type=\"image.default\">\n\t\t\t\t<div class=\"elementor-widget-container\">\n\t\t\t\t\t\t\t\t\t\t\t\t\t\t\t<img decoding=\"async\" width=\"1200\" height=\"1200\" data-src=\"https:\/\/www.roto-kruna.hr\/wp-content\/uploads\/DSC08960.png\" class=\"attachment-1536x1536 size-1536x1536 wp-image-2909 lazyload\" alt=\"\" data-srcset=\"https:\/\/www.roto-kruna.hr\/wp-content\/uploads\/\/DSC08960.png 1200w, https:\/\/www.roto-kruna.hr\/wp-content\/uploads\/\/DSC08960-300x300.png 300w, https:\/\/www.roto-kruna.hr\/wp-content\/uploads\/\/DSC08960-1024x1024.png 1024w, https:\/\/www.roto-kruna.hr\/wp-content\/uploads\/\/DSC08960-150x150.png 150w, https:\/\/www.roto-kruna.hr\/wp-content\/uploads\/\/DSC08960-768x768.png 768w, https:\/\/www.roto-kruna.hr\/wp-content\/uploads\/\/DSC08960-12x12.png 12w, https:\/\/www.roto-kruna.hr\/wp-content\/uploads\/\/DSC08960-600x600.png 600w, https:\/\/www.roto-kruna.hr\/wp-content\/uploads\/\/DSC08960-800x800.png 800w, https:\/\/www.roto-kruna.hr\/wp-content\/uploads\/\/DSC08960-100x100.png 100w\" data-sizes=\"(max-width: 1200px) 100vw, 1200px\" src=\"data:image\/svg+xml;base64,PHN2ZyB3aWR0aD0iMSIgaGVpZ2h0PSIxIiB4bWxucz0iaHR0cDovL3d3dy53My5vcmcvMjAwMC9zdmciPjwvc3ZnPg==\" style=\"--smush-placeholder-width: 1200px; --smush-placeholder-aspect-ratio: 1200\/1200;\" \/>\t\t\t\t\t\t\t\t\t\t\t\t\t\t\t<\/div>\n\t\t\t\t<\/div>\n\t\t\t\t\t<\/div>\n\t\t<\/div>\n\t\t\t\t\t<\/div>\n\t\t<\/section>\n\t\t\t\t<section class=\"elementor-section elementor-inner-section elementor-element elementor-element-ed91cb0 elementor-section-boxed elementor-section-height-default elementor-section-height-default\" data-id=\"ed91cb0\" data-element_type=\"section\">\n\t\t\t\t\t\t<div class=\"elementor-container elementor-column-gap-default\">\n\t\t\t\t\t<div class=\"elementor-column elementor-col-100 elementor-inner-column elementor-element elementor-element-99ce378\" data-id=\"99ce378\" data-element_type=\"column\">\n\t\t\t<div class=\"elementor-widget-wrap elementor-element-populated\">\n\t\t\t\t\t\t<div class=\"elementor-element elementor-element-5c12ae5 elementor-widget elementor-widget-text-editor\" data-id=\"5c12ae5\" data-element_type=\"widget\" data-widget_type=\"text-editor.default\">\n\t\t\t\t<div class=\"elementor-widget-container\">\n\t\t\t\t\t\t\t\t\t<p class=\"translation-block\">State of technology - Known tools that are installed on a hand-held angle grinder such as a grinding disc or sandpaper have certain drawbacks. When processing soft materials such as wood or plastic with a grinding disc or sandpaper, it becomes clogged, i.e., shavings fill the space between the abrasive grains of the grinding disc, which reduces the grinding efficiency, increases the friction between the tool and the workpiece, and thus increases the temperature on the processed surface. With a clogged grinding disc, further processing is impossible, and the surface is \"burned\", and due to the softness of the workpiece, the sharpening property of the grinding disc does not come to the fore. A similar problem arises when using tools with sandpaper, where, in addition to the above, there is also relatively fast wear of the tool due to its construction.<\/p><p class=\"translation-block\">The aim of \"Roto rasp\" is to expand the range of tools for processing soft materials by separation of particles. This tool enables processing with greater efficiency in terms of the number of separated particles per unit of time compared to known tools for a hand-held angle grinder.<\/p><p class=\"translation-block\">Advantages of \"Roto rasp\" - made of 0.75 (\u00f8115) and 0.80 mm (\u00f8125) steel sheet and thermally treated by nitriding.<\/p><p>Particle separation is performed by sprouts on the working surface of the tool, which are also cutting edges, and below each sprout is an opening for removing the separated particles, which prevents the clogging of the working surface of the tool and enables continuous cutting of the edge.<strong>.<\/strong><\/p><p class=\"translation-block\">Shapes of \"Roto rasp\" - the size of the separated particle depends on the pressure of the tool on the processed surface and is limited by the size of the sprout. According to the shape of the working surface, \"Roto rasp\" is of a rounded shape suitable for processing flat and sloping surfaces, as well as for processing edges, radii, etc.<\/p>\t\t\t\t\t\t\t\t<\/div>\n\t\t\t\t<\/div>\n\t\t\t\t<div class=\"elementor-element elementor-element-36c6d65 elementor-align-center elementor-widget elementor-widget-button\" data-id=\"36c6d65\" data-element_type=\"widget\" data-widget_type=\"button.default\">\n\t\t\t\t<div class=\"elementor-widget-container\">\n\t\t\t\t\t\t\t\t\t<div class=\"elementor-button-wrapper\">\n\t\t\t\t\t<a class=\"elementor-button elementor-button-link elementor-size-sm elementor-animation-grow\" href=\"https:\/\/www.roto-kruna.hr\/en\/primjena\/\">\n\t\t\t\t\t\t<span class=\"elementor-button-content-wrapper\">\n\t\t\t\t\t\t\t\t\t<span class=\"elementor-button-text\">Application<\/span>\n\t\t\t\t\t<\/span>\n\t\t\t\t\t<\/a>\n\t\t\t\t<\/div>\n\t\t\t\t\t\t\t\t<\/div>\n\t\t\t\t<\/div>\n\t\t\t\t\t<\/div>\n\t\t<\/div>\n\t\t\t\t\t<\/div>\n\t\t<\/section>\n\t\t\t\t<section class=\"elementor-section elementor-inner-section elementor-element elementor-element-92199a5 elementor-reverse-mobile elementor-section-boxed elementor-section-height-default elementor-section-height-default\" data-id=\"92199a5\" data-element_type=\"section\">\n\t\t\t\t\t\t<div class=\"elementor-container elementor-column-gap-default\">\n\t\t\t\t\t<div class=\"elementor-column elementor-col-50 elementor-inner-column elementor-element elementor-element-ce9a2ce\" data-id=\"ce9a2ce\" data-element_type=\"column\">\n\t\t\t<div class=\"elementor-widget-wrap elementor-element-populated\">\n\t\t\t\t\t\t<div class=\"elementor-element elementor-element-c98cc92 elementor-widget elementor-widget-text-editor\" data-id=\"c98cc92\" data-element_type=\"widget\" data-widget_type=\"text-editor.default\">\n\t\t\t\t<div class=\"elementor-widget-container\">\n\t\t\t\t\t\t\t\t\t<p>Handheld construction rasp<\/p>\t\t\t\t\t\t\t\t<\/div>\n\t\t\t\t<\/div>\n\t\t\t\t<div class=\"elementor-element elementor-element-651f26c elementor-widget elementor-widget-text-editor\" data-id=\"651f26c\" data-element_type=\"widget\" data-widget_type=\"text-editor.default\">\n\t\t\t\t<div class=\"elementor-widget-container\">\n\t\t\t\t\t\t\t\t\t<p>\"Handheld construction rasp\" - an innovative tool for processing wood and soft materials. A tool for professionals and hobbyists. Construction hand rasps are characterized by the ability to work on greasy and wet surfaces because the perforations under the teeth facilitate the removal of shavings and cleaning of the rasp itself. They are extremely lightweight and suitable for transport. The construction hand rasp is available in three versions:<\/p><p>Type A \u2013 the classic version of a manual rasp with a flat working surface<\/p><p>Type B - hand rasp with a flat surface and handle located in the middle of the rasp<\/p><p>Type C \u2013 classic version with a rounded work surface. Suitable for drilling holes.<\/p>\t\t\t\t\t\t\t\t<\/div>\n\t\t\t\t<\/div>\n\t\t\t\t<div class=\"elementor-element elementor-element-65faa39 elementor-align-left elementor-mobile-align-center elementor-widget elementor-widget-button\" data-id=\"65faa39\" data-element_type=\"widget\" data-widget_type=\"button.default\">\n\t\t\t\t<div class=\"elementor-widget-container\">\n\t\t\t\t\t\t\t\t\t<div class=\"elementor-button-wrapper\">\n\t\t\t\t\t<a class=\"elementor-button elementor-button-link elementor-size-sm elementor-animation-grow\" href=\"https:\/\/www.roto-kruna.hr\/wp-content\/uploads\/A5-HRV-gradevinska-raspa-TIP-AB.pdf\">\n\t\t\t\t\t\t<span class=\"elementor-button-content-wrapper\">\n\t\t\t\t\t\t\t\t\t<span class=\"elementor-button-text\">Application<\/span>\n\t\t\t\t\t<\/span>\n\t\t\t\t\t<\/a>\n\t\t\t\t<\/div>\n\t\t\t\t\t\t\t\t<\/div>\n\t\t\t\t<\/div>\n\t\t\t\t\t<\/div>\n\t\t<\/div>\n\t\t\t\t<div class=\"elementor-column elementor-col-50 elementor-inner-column elementor-element elementor-element-4203848\" data-id=\"4203848\" data-element_type=\"column\">\n\t\t\t<div class=\"elementor-widget-wrap elementor-element-populated\">\n\t\t\t\t\t\t<div class=\"elementor-element elementor-element-b8c8213 elementor-widget elementor-widget-image\" data-id=\"b8c8213\" data-element_type=\"widget\" data-widget_type=\"image.default\">\n\t\t\t\t<div class=\"elementor-widget-container\">\n\t\t\t\t\t\t\t\t\t\t\t\t\t\t\t<img decoding=\"async\" width=\"1000\" height=\"1000\" data-src=\"https:\/\/www.roto-kruna.hr\/wp-content\/uploads\/Untitled-1.png\" class=\"attachment-large size-large wp-image-1852 lazyload\" alt=\"\" data-srcset=\"https:\/\/www.roto-kruna.hr\/wp-content\/uploads\/Untitled-1.png 1000w, https:\/\/www.roto-kruna.hr\/wp-content\/uploads\/Untitled-1-600x600.png 600w, https:\/\/www.roto-kruna.hr\/wp-content\/uploads\/Untitled-1-100x100.png 100w, https:\/\/www.roto-kruna.hr\/wp-content\/uploads\/Untitled-1-800x800.png 800w, https:\/\/www.roto-kruna.hr\/wp-content\/uploads\/Untitled-1-300x300.png 300w, https:\/\/www.roto-kruna.hr\/wp-content\/uploads\/Untitled-1-150x150.png 150w, https:\/\/www.roto-kruna.hr\/wp-content\/uploads\/Untitled-1-768x768.png 768w\" data-sizes=\"(max-width: 1000px) 100vw, 1000px\" src=\"data:image\/svg+xml;base64,PHN2ZyB3aWR0aD0iMSIgaGVpZ2h0PSIxIiB4bWxucz0iaHR0cDovL3d3dy53My5vcmcvMjAwMC9zdmciPjwvc3ZnPg==\" style=\"--smush-placeholder-width: 1000px; --smush-placeholder-aspect-ratio: 1000\/1000;\" \/>\t\t\t\t\t\t\t\t\t\t\t\t\t\t\t<\/div>\n\t\t\t\t<\/div>\n\t\t\t\t\t<\/div>\n\t\t<\/div>\n\t\t\t\t\t<\/div>\n\t\t<\/section>\n\t\t\t\t\t<\/div>\n\t\t<\/div>\n\t\t\t\t\t<\/div>\n\t\t<\/section>\n\t\t\t\t<section class=\"elementor-section elementor-top-section elementor-element elementor-element-2e8c490 elementor-section-content-middle elementor-section-boxed elementor-section-height-default elementor-section-height-default\" data-id=\"2e8c490\" data-element_type=\"section\">\n\t\t\t\t\t\t<div class=\"elementor-container elementor-column-gap-no\">\n\t\t\t\t\t<div class=\"elementor-column elementor-col-100 elementor-top-column elementor-element elementor-element-5f49489\" data-id=\"5f49489\" data-element_type=\"column\">\n\t\t\t<div class=\"elementor-widget-wrap elementor-element-populated\">\n\t\t\t\t\t\t<section class=\"elementor-section elementor-inner-section elementor-element elementor-element-a5d6efa elementor-section-boxed elementor-section-height-default elementor-section-height-default\" data-id=\"a5d6efa\" data-element_type=\"section\">\n\t\t\t\t\t\t<div class=\"elementor-container elementor-column-gap-default\">\n\t\t\t\t\t<div class=\"elementor-column elementor-col-50 elementor-inner-column elementor-element elementor-element-26c829b\" data-id=\"26c829b\" data-element_type=\"column\">\n\t\t\t<div class=\"elementor-widget-wrap elementor-element-populated\">\n\t\t\t\t\t\t<div class=\"elementor-element elementor-element-84381f5 elementor-widget elementor-widget-text-editor\" data-id=\"84381f5\" data-element_type=\"widget\" data-widget_type=\"text-editor.default\">\n\t\t\t\t<div class=\"elementor-widget-container\">\n\t\t\t\t\t\t\t\t\t\"BELT RASP\u201d TOOL FOR BELT SANDERS\t\t\t\t\t\t\t\t<\/div>\n\t\t\t\t<\/div>\n\t\t\t\t<div class=\"elementor-element elementor-element-23fdcef elementor-widget elementor-widget-text-editor\" data-id=\"23fdcef\" data-element_type=\"widget\" data-widget_type=\"text-editor.default\">\n\t\t\t\t<div class=\"elementor-widget-container\">\n\t\t\t\t\t\t\t\t\t<p>Belt rasps have the same blade design as standard Roto rasps but are adapted for use with belt sanders.<\/p><p>Tra\u010dna ra\u0161pa se proizvodi u tri dimenzije: 533\u00d775 mm, 457\u00d775 i 610\u00d7100 mm, sve s o\u0161tricom od 2 mm.<\/p><p>The Belt rasp is made of steel sheet and undergoes thermochemical treatment. The main feature of the Belt rasp is that the particles are separated by sprouts on the working surface of the file, which are also the cutting edges, and below each sprout there is an opening for removing the separated particles, preventing the tool's working surface from clogging and enabling continuous cutting of the cutting edge.<\/p>\t\t\t\t\t\t\t\t<\/div>\n\t\t\t\t<\/div>\n\t\t\t\t<div class=\"elementor-element elementor-element-a9be046 elementor-align-left elementor-mobile-align-center elementor-widget elementor-widget-button\" data-id=\"a9be046\" data-element_type=\"widget\" data-widget_type=\"button.default\">\n\t\t\t\t<div class=\"elementor-widget-container\">\n\t\t\t\t\t\t\t\t\t<div class=\"elementor-button-wrapper\">\n\t\t\t\t\t<a class=\"elementor-button elementor-button-link elementor-size-sm elementor-animation-grow\" href=\"https:\/\/www.roto-kruna.hr\/wp-content\/uploads\/A5-letak-tracna-raspa-HR-nova.pdf\">\n\t\t\t\t\t\t<span class=\"elementor-button-content-wrapper\">\n\t\t\t\t\t\t\t\t\t<span class=\"elementor-button-text\">Application<\/span>\n\t\t\t\t\t<\/span>\n\t\t\t\t\t<\/a>\n\t\t\t\t<\/div>\n\t\t\t\t\t\t\t\t<\/div>\n\t\t\t\t<\/div>\n\t\t\t\t\t<\/div>\n\t\t<\/div>\n\t\t\t\t<div class=\"elementor-column elementor-col-50 elementor-inner-column elementor-element elementor-element-8785865\" data-id=\"8785865\" data-element_type=\"column\">\n\t\t\t<div class=\"elementor-widget-wrap elementor-element-populated\">\n\t\t\t\t\t\t<div class=\"elementor-element elementor-element-a8bc6b4 elementor-widget elementor-widget-image\" data-id=\"a8bc6b4\" data-element_type=\"widget\" data-widget_type=\"image.default\">\n\t\t\t\t<div class=\"elementor-widget-container\">\n\t\t\t\t\t\t\t\t\t\t\t\t\t\t\t<img decoding=\"async\" width=\"1000\" height=\"1000\" data-src=\"https:\/\/www.roto-kruna.hr\/wp-content\/uploads\/1-27.jpg\" class=\"attachment-large size-large wp-image-1816 lazyload\" alt=\"\" data-srcset=\"https:\/\/www.roto-kruna.hr\/wp-content\/uploads\/1-27.jpg 1000w, https:\/\/www.roto-kruna.hr\/wp-content\/uploads\/1-27-600x600.jpg 600w, https:\/\/www.roto-kruna.hr\/wp-content\/uploads\/1-27-100x100.jpg 100w, https:\/\/www.roto-kruna.hr\/wp-content\/uploads\/1-27-800x800.jpg 800w, https:\/\/www.roto-kruna.hr\/wp-content\/uploads\/1-27-300x300.jpg 300w, https:\/\/www.roto-kruna.hr\/wp-content\/uploads\/1-27-150x150.jpg 150w, https:\/\/www.roto-kruna.hr\/wp-content\/uploads\/1-27-768x768.jpg 768w\" data-sizes=\"(max-width: 1000px) 100vw, 1000px\" src=\"data:image\/svg+xml;base64,PHN2ZyB3aWR0aD0iMSIgaGVpZ2h0PSIxIiB4bWxucz0iaHR0cDovL3d3dy53My5vcmcvMjAwMC9zdmciPjwvc3ZnPg==\" style=\"--smush-placeholder-width: 1000px; --smush-placeholder-aspect-ratio: 1000\/1000;\" \/>\t\t\t\t\t\t\t\t\t\t\t\t\t\t\t<\/div>\n\t\t\t\t<\/div>\n\t\t\t\t\t<\/div>\n\t\t<\/div>\n\t\t\t\t\t<\/div>\n\t\t<\/section>\n\t\t\t\t\t<\/div>\n\t\t<\/div>\n\t\t\t\t\t<\/div>\n\t\t<\/section>\n\t\t\t\t<\/div>","protected":false},"excerpt":{"rendered":"<p>Proizvodi ROTO Kruna d.o.o. u svojoj ponudi ima tri vrste svojih inovativnih alata. Roto ra\u0161pa Roto ra\u0161pa je inovativan hrvatski proizvod, univerzalan alat za obradu odvajanjem \u010destica mekih materijala kao \u0161to su drvo, plastika, guma, stiropor, umjetne smole i sl., a namijenjen je za ugradnju na ru\u010dnu rotiraju\u0107u kutnu brusilicu. Zbog konstrukcije alata, \u201eRoto ra\u0161pom\u201c [&hellip;]<\/p>","protected":false},"author":3,"featured_media":0,"parent":0,"menu_order":0,"comment_status":"closed","ping_status":"closed","template":"","meta":{"site-sidebar-layout":"no-sidebar","site-content-layout":"page-builder","ast-site-content-layout":"default","site-content-style":"default","site-sidebar-style":"default","ast-global-header-display":"","ast-banner-title-visibility":"","ast-main-header-display":"","ast-hfb-above-header-display":"","ast-hfb-below-header-display":"","ast-hfb-mobile-header-display":"","site-post-title":"disabled","ast-breadcrumbs-content":"","ast-featured-img":"disabled","footer-sml-layout":"","ast-disable-related-posts":"","theme-transparent-header-meta":"","adv-header-id-meta":"","stick-header-meta":"","header-above-stick-meta":"","header-main-stick-meta":"","header-below-stick-meta":"","astra-migrate-meta-layouts":"default","ast-page-background-enabled":"default","ast-page-background-meta":{"desktop":{"background-color":"var(--ast-global-color-4)","background-image":"","background-repeat":"repeat","background-position":"center center","background-size":"auto","background-attachment":"scroll","background-type":"","background-media":"","overlay-type":"","overlay-color":"","overlay-opacity":"","overlay-gradient":""},"tablet":{"background-color":"","background-image":"","background-repeat":"repeat","background-position":"center center","background-size":"auto","background-attachment":"scroll","background-type":"","background-media":"","overlay-type":"","overlay-color":"","overlay-opacity":"","overlay-gradient":""},"mobile":{"background-color":"","background-image":"","background-repeat":"repeat","background-position":"center center","background-size":"auto","background-attachment":"scroll","background-type":"","background-media":"","overlay-type":"","overlay-color":"","overlay-opacity":"","overlay-gradient":""}},"ast-content-background-meta":{"desktop":{"background-color":"var(--ast-global-color-5)","background-image":"","background-repeat":"repeat","background-position":"center center","background-size":"auto","background-attachment":"scroll","background-type":"","background-media":"","overlay-type":"","overlay-color":"","overlay-opacity":"","overlay-gradient":""},"tablet":{"background-color":"var(--ast-global-color-5)","background-image":"","background-repeat":"repeat","background-position":"center center","background-size":"auto","background-attachment":"scroll","background-type":"","background-media":"","overlay-type":"","overlay-color":"","overlay-opacity":"","overlay-gradient":""},"mobile":{"background-color":"var(--ast-global-color-5)","background-image":"","background-repeat":"repeat","background-position":"center center","background-size":"auto","background-attachment":"scroll","background-type":"","background-media":"","overlay-type":"","overlay-color":"","overlay-opacity":"","overlay-gradient":""}},"footnotes":""},"class_list":["post-1699","page","type-page","status-publish","hentry"],"_links":{"self":[{"href":"https:\/\/www.roto-kruna.hr\/en\/wp-json\/wp\/v2\/pages\/1699","targetHints":{"allow":["GET"]}}],"collection":[{"href":"https:\/\/www.roto-kruna.hr\/en\/wp-json\/wp\/v2\/pages"}],"about":[{"href":"https:\/\/www.roto-kruna.hr\/en\/wp-json\/wp\/v2\/types\/page"}],"author":[{"embeddable":true,"href":"https:\/\/www.roto-kruna.hr\/en\/wp-json\/wp\/v2\/users\/3"}],"replies":[{"embeddable":true,"href":"https:\/\/www.roto-kruna.hr\/en\/wp-json\/wp\/v2\/comments?post=1699"}],"version-history":[{"count":94,"href":"https:\/\/www.roto-kruna.hr\/en\/wp-json\/wp\/v2\/pages\/1699\/revisions"}],"predecessor-version":[{"id":2931,"href":"https:\/\/www.roto-kruna.hr\/en\/wp-json\/wp\/v2\/pages\/1699\/revisions\/2931"}],"wp:attachment":[{"href":"https:\/\/www.roto-kruna.hr\/en\/wp-json\/wp\/v2\/media?parent=1699"}],"curies":[{"name":"wp","href":"https:\/\/api.w.org\/{rel}","templated":true}]}}