{"id":1701,"date":"2023-02-16T10:44:27","date_gmt":"2023-02-16T09:44:27","guid":{"rendered":"https:\/\/www.roto-kruna.hr\/?page_id=1701"},"modified":"2024-01-25T14:46:49","modified_gmt":"2024-01-25T13:46:49","slug":"primjena","status":"publish","type":"page","link":"https:\/\/www.roto-kruna.hr\/en\/primjena\/","title":{"rendered":"Application"},"content":{"rendered":"<div data-elementor-type=\"wp-page\" data-elementor-id=\"1701\" class=\"elementor elementor-1701\" data-elementor-post-type=\"page\">\n\t\t\t\t\t\t<section class=\"elementor-section elementor-top-section elementor-element elementor-element-1374278 elementor-section-full_width elementor-section-height-default elementor-section-height-default\" data-id=\"1374278\" data-element_type=\"section\">\n\t\t\t\t\t\t<div class=\"elementor-container elementor-column-gap-default\">\n\t\t\t\t\t<div class=\"elementor-column elementor-col-100 elementor-top-column elementor-element elementor-element-5efa145\" data-id=\"5efa145\" data-element_type=\"column\">\n\t\t\t<div class=\"elementor-widget-wrap elementor-element-populated\">\n\t\t\t\t\t\t<div class=\"elementor-element elementor-element-8777159 elementor-widget elementor-widget-image\" data-id=\"8777159\" data-element_type=\"widget\" data-widget_type=\"image.default\">\n\t\t\t\t<div class=\"elementor-widget-container\">\n\t\t\t\t\t\t\t\t\t\t\t\t\t\t\t<img fetchpriority=\"high\" decoding=\"async\" width=\"1920\" height=\"500\" src=\"https:\/\/www.roto-kruna.hr\/wp-content\/uploads\/BANNER-SVE-EN.png\" class=\"attachment-2048x2048 size-2048x2048 wp-image-2870\" alt=\"\" srcset=\"https:\/\/www.roto-kruna.hr\/wp-content\/uploads\/\/BANNER-SVE-EN.png 1920w, https:\/\/www.roto-kruna.hr\/wp-content\/uploads\/\/BANNER-SVE-EN-300x78.png 300w, https:\/\/www.roto-kruna.hr\/wp-content\/uploads\/\/BANNER-SVE-EN-1024x267.png 1024w, https:\/\/www.roto-kruna.hr\/wp-content\/uploads\/\/BANNER-SVE-EN-768x200.png 768w, https:\/\/www.roto-kruna.hr\/wp-content\/uploads\/\/BANNER-SVE-EN-1536x400.png 1536w, https:\/\/www.roto-kruna.hr\/wp-content\/uploads\/\/BANNER-SVE-EN-18x5.png 18w, https:\/\/www.roto-kruna.hr\/wp-content\/uploads\/\/BANNER-SVE-EN-800x208.png 800w\" sizes=\"(max-width: 1920px) 100vw, 1920px\" \/>\t\t\t\t\t\t\t\t\t\t\t\t\t\t\t<\/div>\n\t\t\t\t<\/div>\n\t\t\t\t\t<\/div>\n\t\t<\/div>\n\t\t\t\t\t<\/div>\n\t\t<\/section>\n\t\t\t\t<section class=\"elementor-section elementor-top-section elementor-element elementor-element-005acbb elementor-section-content-middle elementor-section-boxed elementor-section-height-default elementor-section-height-default\" data-id=\"005acbb\" data-element_type=\"section\">\n\t\t\t\t\t\t<div class=\"elementor-container elementor-column-gap-no\">\n\t\t\t\t\t<div class=\"elementor-column elementor-col-100 elementor-top-column elementor-element elementor-element-aa5fbc5\" data-id=\"aa5fbc5\" data-element_type=\"column\">\n\t\t\t<div class=\"elementor-widget-wrap elementor-element-populated\">\n\t\t\t\t\t\t<div class=\"elementor-element elementor-element-ed25d28 elementor-widget elementor-widget-heading\" data-id=\"ed25d28\" data-element_type=\"widget\" data-widget_type=\"heading.default\">\n\t\t\t\t<div class=\"elementor-widget-container\">\n\t\t\t\t\t<h3 class=\"elementor-heading-title elementor-size-default\">APPLICATION:<\/h3>\t\t\t\t<\/div>\n\t\t\t\t<\/div>\n\t\t\t\t<section class=\"elementor-section elementor-inner-section elementor-element elementor-element-81e89c3 elementor-section-boxed elementor-section-height-default elementor-section-height-default\" data-id=\"81e89c3\" data-element_type=\"section\">\n\t\t\t\t\t\t<div class=\"elementor-container elementor-column-gap-default\">\n\t\t\t\t\t<div class=\"elementor-column elementor-col-50 elementor-inner-column elementor-element elementor-element-4ab7cb7\" data-id=\"4ab7cb7\" data-element_type=\"column\">\n\t\t\t<div class=\"elementor-widget-wrap elementor-element-populated\">\n\t\t\t\t\t\t<div class=\"elementor-element elementor-element-94e153a elementor-widget elementor-widget-video\" data-id=\"94e153a\" data-element_type=\"widget\" data-settings=\"{&quot;youtube_url&quot;:&quot;https:\\\/\\\/www.youtube.com\\\/watch?v=pC2Tr0qkHNM&amp;ab_channel=ROTOKrunad.o.o.&quot;,&quot;video_type&quot;:&quot;youtube&quot;,&quot;controls&quot;:&quot;yes&quot;}\" data-widget_type=\"video.default\">\n\t\t\t\t<div class=\"elementor-widget-container\">\n\t\t\t\t\t\t\t<div class=\"elementor-wrapper elementor-open-inline\">\n\t\t\t<div class=\"elementor-video\"><\/div>\t\t<\/div>\n\t\t\t\t\t\t<\/div>\n\t\t\t\t<\/div>\n\t\t\t\t\t<\/div>\n\t\t<\/div>\n\t\t\t\t<div class=\"elementor-column elementor-col-50 elementor-inner-column elementor-element elementor-element-449519e\" data-id=\"449519e\" data-element_type=\"column\">\n\t\t\t<div class=\"elementor-widget-wrap elementor-element-populated\">\n\t\t\t\t\t\t<div class=\"elementor-element elementor-element-13a5087 elementor-widget elementor-widget-image\" data-id=\"13a5087\" data-element_type=\"widget\" data-widget_type=\"image.default\">\n\t\t\t\t<div class=\"elementor-widget-container\">\n\t\t\t\t\t\t\t\t\t\t\t\t\t\t\t<img decoding=\"async\" width=\"436\" height=\"492\" data-src=\"https:\/\/www.roto-kruna.hr\/wp-content\/uploads\/montaza.jpg\" class=\"attachment-large size-large wp-image-2342 lazyload\" alt=\"\" data-srcset=\"https:\/\/www.roto-kruna.hr\/wp-content\/uploads\/montaza.jpg 436w, https:\/\/www.roto-kruna.hr\/wp-content\/uploads\/montaza-266x300.jpg 266w, https:\/\/www.roto-kruna.hr\/wp-content\/uploads\/montaza-11x12.jpg 11w\" data-sizes=\"(max-width: 436px) 100vw, 436px\" src=\"data:image\/svg+xml;base64,PHN2ZyB3aWR0aD0iMSIgaGVpZ2h0PSIxIiB4bWxucz0iaHR0cDovL3d3dy53My5vcmcvMjAwMC9zdmciPjwvc3ZnPg==\" style=\"--smush-placeholder-width: 436px; --smush-placeholder-aspect-ratio: 436\/492;\" \/>\t\t\t\t\t\t\t\t\t\t\t\t\t\t\t<\/div>\n\t\t\t\t<\/div>\n\t\t\t\t\t<\/div>\n\t\t<\/div>\n\t\t\t\t\t<\/div>\n\t\t<\/section>\n\t\t\t\t<section class=\"elementor-section elementor-inner-section elementor-element elementor-element-c8ea0d2 elementor-section-boxed elementor-section-height-default elementor-section-height-default\" data-id=\"c8ea0d2\" data-element_type=\"section\">\n\t\t\t\t\t\t<div class=\"elementor-container elementor-column-gap-default\">\n\t\t\t\t\t<div class=\"elementor-column elementor-col-50 elementor-inner-column elementor-element elementor-element-3c87daf\" data-id=\"3c87daf\" data-element_type=\"column\">\n\t\t\t<div class=\"elementor-widget-wrap elementor-element-populated\">\n\t\t\t\t\t\t<div class=\"elementor-element elementor-element-50705ea elementor-align-left elementor-widget elementor-widget-button\" data-id=\"50705ea\" data-element_type=\"widget\" data-widget_type=\"button.default\">\n\t\t\t\t<div class=\"elementor-widget-container\">\n\t\t\t\t\t\t\t\t\t<div class=\"elementor-button-wrapper\">\n\t\t\t\t\t<a class=\"elementor-button elementor-button-link elementor-size-sm elementor-animation-grow\" href=\"https:\/\/www.youtube.com\/watch?v=xCJP35YYsug\">\n\t\t\t\t\t\t<span class=\"elementor-button-content-wrapper\">\n\t\t\t\t\t\t\t\t\t<span class=\"elementor-button-text\">Video ENG<\/span>\n\t\t\t\t\t<\/span>\n\t\t\t\t\t<\/a>\n\t\t\t\t<\/div>\n\t\t\t\t\t\t\t\t<\/div>\n\t\t\t\t<\/div>\n\t\t\t\t\t<\/div>\n\t\t<\/div>\n\t\t\t\t<div class=\"elementor-column elementor-col-50 elementor-inner-column elementor-element elementor-element-6d76d48\" data-id=\"6d76d48\" data-element_type=\"column\">\n\t\t\t<div class=\"elementor-widget-wrap elementor-element-populated\">\n\t\t\t\t\t\t<div class=\"elementor-element elementor-element-bd5fafd elementor-align-left elementor-widget elementor-widget-button\" data-id=\"bd5fafd\" data-element_type=\"widget\" data-widget_type=\"button.default\">\n\t\t\t\t<div class=\"elementor-widget-container\">\n\t\t\t\t\t\t\t\t\t<div class=\"elementor-button-wrapper\">\n\t\t\t\t\t<a class=\"elementor-button elementor-button-link elementor-size-sm elementor-animation-grow\" href=\"https:\/\/www.youtube.com\/watch?v=BMot9MUlZJo\">\n\t\t\t\t\t\t<span class=\"elementor-button-content-wrapper\">\n\t\t\t\t\t\t\t\t\t<span class=\"elementor-button-text\">Video GER<\/span>\n\t\t\t\t\t<\/span>\n\t\t\t\t\t<\/a>\n\t\t\t\t<\/div>\n\t\t\t\t\t\t\t\t<\/div>\n\t\t\t\t<\/div>\n\t\t\t\t\t<\/div>\n\t\t<\/div>\n\t\t\t\t\t<\/div>\n\t\t<\/section>\n\t\t\t\t<section class=\"elementor-section elementor-inner-section elementor-element elementor-element-f30f2ef elementor-section-boxed elementor-section-height-default elementor-section-height-default\" data-id=\"f30f2ef\" data-element_type=\"section\">\n\t\t\t\t\t\t<div class=\"elementor-container elementor-column-gap-default\">\n\t\t\t\t\t<div class=\"elementor-column elementor-col-100 elementor-inner-column elementor-element elementor-element-5053a6d\" data-id=\"5053a6d\" data-element_type=\"column\">\n\t\t\t<div class=\"elementor-widget-wrap elementor-element-populated\">\n\t\t\t\t\t\t<div class=\"elementor-element elementor-element-e931869 elementor-widget elementor-widget-text-editor\" data-id=\"e931869\" data-element_type=\"widget\" data-widget_type=\"text-editor.default\">\n\t\t\t\t<div class=\"elementor-widget-container\">\n\t\t\t\t\t\t\t\t\t<p>Mounting the tool on the angle grinder is done by clamping it onto its shaft using the original clamp plate and nut from the grinder. The ease of installation and use does not require special expertise or skills. The rotary rasp is a tool designed for professionals and hobbyists, for every workshop and for do-it-yourself enthusiasts in households.<\/p><p>By rotating the tool on the grinder in the range of 1500 to 11000 revolutions per minute, the necessary kinematics for cutting materials are achieved. The rotary rasp has certain advantages over known tools on the market such as grinding discs and abrasive papers (LBD). When processing the surface of soft materials with a grinding disc or abrasive paper, the chips quickly fill the space between the cutting grains, which reduces the grinding efficiency, increases friction between the tool and the workpiece, and burns the surface, making further processing impossible.<\/p><p>With the \"Roto rasp\", particles are separated by protrusions on the working surface of the tool, which are also the cutting edges, and below each protrusion, there is an opening for removing chips, which prevents the filling of the working surface of the tool and allows for continuous cutting of the edge.<\/p><p>It is possible to remove a significantly larger volume of material per unit time with the Roto rasp than with a grinding disc or abrasive paper.\nThe number of separated particles depends on the pressure of the tool on the processed surface and is limited by the size of the cutting protrusions.<\/p><p>The number of separated particles depends on the pressure of the tool on the processed surface and is limited by the size of the cutting protrusions.<\/p>\t\t\t\t\t\t\t\t<\/div>\n\t\t\t\t<\/div>\n\t\t\t\t<div class=\"elementor-element elementor-element-0cf0e36 elementor-widget elementor-widget-image\" data-id=\"0cf0e36\" data-element_type=\"widget\" data-widget_type=\"image.default\">\n\t\t\t\t<div class=\"elementor-widget-container\">\n\t\t\t\t\t\t\t\t\t\t\t\t\t\t\t<img decoding=\"async\" width=\"800\" height=\"802\" data-src=\"https:\/\/www.roto-kruna.hr\/wp-content\/uploads\/roto.jpg-2.png\" class=\"attachment-large size-large wp-image-2511 lazyload\" alt=\"\" data-srcset=\"https:\/\/www.roto-kruna.hr\/wp-content\/uploads\/roto.jpg-2.png 800w, https:\/\/www.roto-kruna.hr\/wp-content\/uploads\/roto.jpg-2-100x100.png 100w, https:\/\/www.roto-kruna.hr\/wp-content\/uploads\/roto.jpg-2-300x300.png 300w, https:\/\/www.roto-kruna.hr\/wp-content\/uploads\/roto.jpg-2-150x150.png 150w, https:\/\/www.roto-kruna.hr\/wp-content\/uploads\/roto.jpg-2-768x770.png 768w, https:\/\/www.roto-kruna.hr\/wp-content\/uploads\/roto.jpg-2-12x12.png 12w\" data-sizes=\"(max-width: 800px) 100vw, 800px\" src=\"data:image\/svg+xml;base64,PHN2ZyB3aWR0aD0iMSIgaGVpZ2h0PSIxIiB4bWxucz0iaHR0cDovL3d3dy53My5vcmcvMjAwMC9zdmciPjwvc3ZnPg==\" style=\"--smush-placeholder-width: 800px; --smush-placeholder-aspect-ratio: 800\/802;\" \/>\t\t\t\t\t\t\t\t\t\t\t\t\t\t\t<\/div>\n\t\t\t\t<\/div>\n\t\t\t\t<div class=\"elementor-element elementor-element-80658cc elementor-widget elementor-widget-text-editor\" data-id=\"80658cc\" data-element_type=\"widget\" data-widget_type=\"text-editor.default\">\n\t\t\t\t<div class=\"elementor-widget-container\">\n\t\t\t\t\t\t\t\t\t<p>\u00a0<\/p><p><span style=\"text-decoration: underline;\"><strong>We recommend using a hand-held angle grinder with a speed regulator and adjusting the speed depending on the type of material being processed, as indicated in the table in the user manual.<\/strong><\/span><\/p><p><strong>Important! <\/strong><\/p><p><strong>The user manual is an integral part of the \"Roto rasp\" product, which informs customers in detail about the product, how to use it, and mandatory personal protective measures when using the product. (button that leads to the instructions)\u00a0<\/strong><\/p>\t\t\t\t\t\t\t\t<\/div>\n\t\t\t\t<\/div>\n\t\t\t\t\t<\/div>\n\t\t<\/div>\n\t\t\t\t\t<\/div>\n\t\t<\/section>\n\t\t\t\t\t<\/div>\n\t\t<\/div>\n\t\t\t\t\t<\/div>\n\t\t<\/section>\n\t\t\t\t<section class=\"elementor-section elementor-top-section elementor-element elementor-element-3969c4e elementor-section-boxed elementor-section-height-default elementor-section-height-default\" data-id=\"3969c4e\" data-element_type=\"section\">\n\t\t\t\t\t\t<div class=\"elementor-container elementor-column-gap-default\">\n\t\t\t\t\t<div class=\"elementor-column elementor-col-100 elementor-top-column elementor-element elementor-element-31b4e1b\" data-id=\"31b4e1b\" data-element_type=\"column\">\n\t\t\t<div class=\"elementor-widget-wrap elementor-element-populated\">\n\t\t\t\t\t\t<div class=\"elementor-element elementor-element-434b413 elementor-align-center elementor-widget elementor-widget-button\" data-id=\"434b413\" data-element_type=\"widget\" data-widget_type=\"button.default\">\n\t\t\t\t<div class=\"elementor-widget-container\">\n\t\t\t\t\t\t\t\t\t<div class=\"elementor-button-wrapper\">\n\t\t\t\t\t<a class=\"elementor-button elementor-button-link elementor-size-sm elementor-animation-grow\" href=\"https:\/\/www.roto-kruna.hr\/en\/upute\/\">\n\t\t\t\t\t\t<span class=\"elementor-button-content-wrapper\">\n\t\t\t\t\t\t\t\t\t<span class=\"elementor-button-text\">User manual<\/span>\n\t\t\t\t\t<\/span>\n\t\t\t\t\t<\/a>\n\t\t\t\t<\/div>\n\t\t\t\t\t\t\t\t<\/div>\n\t\t\t\t<\/div>\n\t\t\t\t\t<\/div>\n\t\t<\/div>\n\t\t\t\t\t<\/div>\n\t\t<\/section>\n\t\t\t\t<section class=\"elementor-section elementor-top-section elementor-element elementor-element-c7888bb elementor-section-boxed elementor-section-height-default elementor-section-height-default\" data-id=\"c7888bb\" data-element_type=\"section\">\n\t\t\t\t\t\t<div class=\"elementor-container elementor-column-gap-default\">\n\t\t\t\t\t<div class=\"elementor-column elementor-col-50 elementor-top-column elementor-element elementor-element-8c72257\" data-id=\"8c72257\" data-element_type=\"column\">\n\t\t\t<div class=\"elementor-widget-wrap elementor-element-populated\">\n\t\t\t\t\t\t<div class=\"elementor-element elementor-element-277386c elementor-widget elementor-widget-image\" data-id=\"277386c\" data-element_type=\"widget\" data-widget_type=\"image.default\">\n\t\t\t\t<div class=\"elementor-widget-container\">\n\t\t\t\t\t\t\t\t\t\t\t\t\t\t\t<img decoding=\"async\" width=\"1024\" height=\"387\" data-src=\"https:\/\/www.roto-kruna.hr\/wp-content\/uploads\/Slika-1-1024x387.jpg\" class=\"attachment-large size-large wp-image-2745 lazyload\" alt=\"\" data-srcset=\"https:\/\/www.roto-kruna.hr\/wp-content\/uploads\/Slika-1-1024x387.jpg 1024w, https:\/\/www.roto-kruna.hr\/wp-content\/uploads\/Slika-1-800x302.jpg 800w, https:\/\/www.roto-kruna.hr\/wp-content\/uploads\/Slika-1-300x113.jpg 300w, https:\/\/www.roto-kruna.hr\/wp-content\/uploads\/Slika-1-768x290.jpg 768w, https:\/\/www.roto-kruna.hr\/wp-content\/uploads\/Slika-1-18x7.jpg 18w, https:\/\/www.roto-kruna.hr\/wp-content\/uploads\/Slika-1.jpg 1388w\" data-sizes=\"(max-width: 1024px) 100vw, 1024px\" src=\"data:image\/svg+xml;base64,PHN2ZyB3aWR0aD0iMSIgaGVpZ2h0PSIxIiB4bWxucz0iaHR0cDovL3d3dy53My5vcmcvMjAwMC9zdmciPjwvc3ZnPg==\" style=\"--smush-placeholder-width: 1024px; --smush-placeholder-aspect-ratio: 1024\/387;\" \/>\t\t\t\t\t\t\t\t\t\t\t\t\t\t\t<\/div>\n\t\t\t\t<\/div>\n\t\t\t\t\t<\/div>\n\t\t<\/div>\n\t\t\t\t<div class=\"elementor-column elementor-col-50 elementor-top-column elementor-element elementor-element-0208893\" data-id=\"0208893\" data-element_type=\"column\">\n\t\t\t<div class=\"elementor-widget-wrap elementor-element-populated\">\n\t\t\t\t\t\t<div class=\"elementor-element elementor-element-a4a1d5d elementor-widget elementor-widget-image\" data-id=\"a4a1d5d\" data-element_type=\"widget\" data-widget_type=\"image.default\">\n\t\t\t\t<div class=\"elementor-widget-container\">\n\t\t\t\t\t\t\t\t\t\t\t\t\t\t\t<img decoding=\"async\" width=\"1024\" height=\"387\" data-src=\"https:\/\/www.roto-kruna.hr\/wp-content\/uploads\/Slika2-1024x387.jpg\" class=\"attachment-large size-large wp-image-2746 lazyload\" alt=\"\" data-srcset=\"https:\/\/www.roto-kruna.hr\/wp-content\/uploads\/Slika2-1024x387.jpg 1024w, https:\/\/www.roto-kruna.hr\/wp-content\/uploads\/Slika2-800x302.jpg 800w, https:\/\/www.roto-kruna.hr\/wp-content\/uploads\/Slika2-300x113.jpg 300w, https:\/\/www.roto-kruna.hr\/wp-content\/uploads\/Slika2-768x290.jpg 768w, https:\/\/www.roto-kruna.hr\/wp-content\/uploads\/Slika2-18x7.jpg 18w, https:\/\/www.roto-kruna.hr\/wp-content\/uploads\/Slika2.jpg 1388w\" data-sizes=\"(max-width: 1024px) 100vw, 1024px\" src=\"data:image\/svg+xml;base64,PHN2ZyB3aWR0aD0iMSIgaGVpZ2h0PSIxIiB4bWxucz0iaHR0cDovL3d3dy53My5vcmcvMjAwMC9zdmciPjwvc3ZnPg==\" style=\"--smush-placeholder-width: 1024px; --smush-placeholder-aspect-ratio: 1024\/387;\" \/>\t\t\t\t\t\t\t\t\t\t\t\t\t\t\t<\/div>\n\t\t\t\t<\/div>\n\t\t\t\t\t<\/div>\n\t\t<\/div>\n\t\t\t\t\t<\/div>\n\t\t<\/section>\n\t\t\t\t<section class=\"elementor-section elementor-top-section elementor-element elementor-element-90e607b elementor-section-boxed elementor-section-height-default elementor-section-height-default\" data-id=\"90e607b\" data-element_type=\"section\">\n\t\t\t\t\t\t<div class=\"elementor-container elementor-column-gap-default\">\n\t\t\t\t\t<div class=\"elementor-column elementor-col-100 elementor-top-column elementor-element elementor-element-dc71834\" data-id=\"dc71834\" data-element_type=\"column\">\n\t\t\t<div class=\"elementor-widget-wrap elementor-element-populated\">\n\t\t\t\t\t\t<div class=\"elementor-element elementor-element-b05d7d1 elementor-widget elementor-widget-image\" data-id=\"b05d7d1\" data-element_type=\"widget\" data-widget_type=\"image.default\">\n\t\t\t\t<div class=\"elementor-widget-container\">\n\t\t\t\t\t\t\t\t\t\t\t\t\t\t\t<img decoding=\"async\" width=\"1024\" height=\"387\" data-src=\"https:\/\/www.roto-kruna.hr\/wp-content\/uploads\/Slika3-1024x387.jpg\" class=\"attachment-large size-large wp-image-2747 lazyload\" alt=\"\" data-srcset=\"https:\/\/www.roto-kruna.hr\/wp-content\/uploads\/Slika3-1024x387.jpg 1024w, https:\/\/www.roto-kruna.hr\/wp-content\/uploads\/Slika3-800x302.jpg 800w, https:\/\/www.roto-kruna.hr\/wp-content\/uploads\/Slika3-300x113.jpg 300w, https:\/\/www.roto-kruna.hr\/wp-content\/uploads\/Slika3-768x290.jpg 768w, https:\/\/www.roto-kruna.hr\/wp-content\/uploads\/Slika3-18x7.jpg 18w, https:\/\/www.roto-kruna.hr\/wp-content\/uploads\/Slika3.jpg 1388w\" data-sizes=\"(max-width: 1024px) 100vw, 1024px\" src=\"data:image\/svg+xml;base64,PHN2ZyB3aWR0aD0iMSIgaGVpZ2h0PSIxIiB4bWxucz0iaHR0cDovL3d3dy53My5vcmcvMjAwMC9zdmciPjwvc3ZnPg==\" style=\"--smush-placeholder-width: 1024px; --smush-placeholder-aspect-ratio: 1024\/387;\" \/>\t\t\t\t\t\t\t\t\t\t\t\t\t\t\t<\/div>\n\t\t\t\t<\/div>\n\t\t\t\t\t<\/div>\n\t\t<\/div>\n\t\t\t\t\t<\/div>\n\t\t<\/section>\n\t\t\t\t<\/div>","protected":false},"excerpt":{"rendered":"<p>Primjena Roto ra\u0161pe Video ENG Video GER Monta\u017ea alata na kutnu brusilicu vr\u0161i se stezanjem na njezinu osovinu pomo\u0107u originalne stezne plo\u010de i matice iz brusilice, jednostavnost ugradnje i kori\u0161tenja ne zahtijeva posebna stru\u010dna znanja i vje\u0161tine. Roto ra\u0161pa je alat namijenjen profesionalcima i hobistima, za svaku radionicu i za \u201curadi sam\u201d majstore u ku\u0107anstvu. [&hellip;]<\/p>","protected":false},"author":3,"featured_media":0,"parent":0,"menu_order":0,"comment_status":"closed","ping_status":"closed","template":"","meta":{"site-sidebar-layout":"no-sidebar","site-content-layout":"page-builder","ast-site-content-layout":"default","site-content-style":"default","site-sidebar-style":"default","ast-global-header-display":"","ast-banner-title-visibility":"","ast-main-header-display":"","ast-hfb-above-header-display":"","ast-hfb-below-header-display":"","ast-hfb-mobile-header-display":"","site-post-title":"disabled","ast-breadcrumbs-content":"","ast-featured-img":"disabled","footer-sml-layout":"","ast-disable-related-posts":"","theme-transparent-header-meta":"","adv-header-id-meta":"","stick-header-meta":"","header-above-stick-meta":"","header-main-stick-meta":"","header-below-stick-meta":"","astra-migrate-meta-layouts":"default","ast-page-background-enabled":"default","ast-page-background-meta":{"desktop":{"background-color":"var(--ast-global-color-4)","background-image":"","background-repeat":"repeat","background-position":"center center","background-size":"auto","background-attachment":"scroll","background-type":"","background-media":"","overlay-type":"","overlay-color":"","overlay-opacity":"","overlay-gradient":""},"tablet":{"background-color":"","background-image":"","background-repeat":"repeat","background-position":"center center","background-size":"auto","background-attachment":"scroll","background-type":"","background-media":"","overlay-type":"","overlay-color":"","overlay-opacity":"","overlay-gradient":""},"mobile":{"background-color":"","background-image":"","background-repeat":"repeat","background-position":"center center","background-size":"auto","background-attachment":"scroll","background-type":"","background-media":"","overlay-type":"","overlay-color":"","overlay-opacity":"","overlay-gradient":""}},"ast-content-background-meta":{"desktop":{"background-color":"var(--ast-global-color-5)","background-image":"","background-repeat":"repeat","background-position":"center center","background-size":"auto","background-attachment":"scroll","background-type":"","background-media":"","overlay-type":"","overlay-color":"","overlay-opacity":"","overlay-gradient":""},"tablet":{"background-color":"var(--ast-global-color-5)","background-image":"","background-repeat":"repeat","background-position":"center center","background-size":"auto","background-attachment":"scroll","background-type":"","background-media":"","overlay-type":"","overlay-color":"","overlay-opacity":"","overlay-gradient":""},"mobile":{"background-color":"var(--ast-global-color-5)","background-image":"","background-repeat":"repeat","background-position":"center center","background-size":"auto","background-attachment":"scroll","background-type":"","background-media":"","overlay-type":"","overlay-color":"","overlay-opacity":"","overlay-gradient":""}},"footnotes":""},"class_list":["post-1701","page","type-page","status-publish","hentry"],"_links":{"self":[{"href":"https:\/\/www.roto-kruna.hr\/en\/wp-json\/wp\/v2\/pages\/1701","targetHints":{"allow":["GET"]}}],"collection":[{"href":"https:\/\/www.roto-kruna.hr\/en\/wp-json\/wp\/v2\/pages"}],"about":[{"href":"https:\/\/www.roto-kruna.hr\/en\/wp-json\/wp\/v2\/types\/page"}],"author":[{"embeddable":true,"href":"https:\/\/www.roto-kruna.hr\/en\/wp-json\/wp\/v2\/users\/3"}],"replies":[{"embeddable":true,"href":"https:\/\/www.roto-kruna.hr\/en\/wp-json\/wp\/v2\/comments?post=1701"}],"version-history":[{"count":76,"href":"https:\/\/www.roto-kruna.hr\/en\/wp-json\/wp\/v2\/pages\/1701\/revisions"}],"predecessor-version":[{"id":2889,"href":"https:\/\/www.roto-kruna.hr\/en\/wp-json\/wp\/v2\/pages\/1701\/revisions\/2889"}],"wp:attachment":[{"href":"https:\/\/www.roto-kruna.hr\/en\/wp-json\/wp\/v2\/media?parent=1701"}],"curies":[{"name":"wp","href":"https:\/\/api.w.org\/{rel}","templated":true}]}}