{"id":1714,"date":"2023-02-16T10:46:49","date_gmt":"2023-02-16T09:46:49","guid":{"rendered":"https:\/\/www.roto-kruna.hr\/?page_id=1714"},"modified":"2024-01-25T14:45:08","modified_gmt":"2024-01-25T13:45:08","slug":"nagrade","status":"publish","type":"page","link":"https:\/\/www.roto-kruna.hr\/en\/nagrade\/","title":{"rendered":"Awards"},"content":{"rendered":"<div data-elementor-type=\"wp-page\" data-elementor-id=\"1714\" class=\"elementor elementor-1714\" data-elementor-post-type=\"page\">\n\t\t\t\t\t\t<section class=\"elementor-section elementor-top-section elementor-element elementor-element-e20064d elementor-section-full_width elementor-section-height-default elementor-section-height-default\" data-id=\"e20064d\" data-element_type=\"section\">\n\t\t\t\t\t\t<div class=\"elementor-container elementor-column-gap-default\">\n\t\t\t\t\t<div class=\"elementor-column elementor-col-100 elementor-top-column elementor-element elementor-element-7d5d2b6\" data-id=\"7d5d2b6\" data-element_type=\"column\">\n\t\t\t<div class=\"elementor-widget-wrap elementor-element-populated\">\n\t\t\t\t\t\t<div class=\"elementor-element elementor-element-c237ceb elementor-widget elementor-widget-image\" data-id=\"c237ceb\" data-element_type=\"widget\" data-widget_type=\"image.default\">\n\t\t\t\t<div class=\"elementor-widget-container\">\n\t\t\t\t\t\t\t\t\t\t\t\t\t\t\t<img fetchpriority=\"high\" decoding=\"async\" width=\"1920\" height=\"500\" src=\"https:\/\/www.roto-kruna.hr\/wp-content\/uploads\/BANNER-SVE-EN.png\" class=\"attachment-2048x2048 size-2048x2048 wp-image-2870\" alt=\"\" srcset=\"https:\/\/www.roto-kruna.hr\/wp-content\/uploads\/\/BANNER-SVE-EN.png 1920w, https:\/\/www.roto-kruna.hr\/wp-content\/uploads\/\/BANNER-SVE-EN-300x78.png 300w, https:\/\/www.roto-kruna.hr\/wp-content\/uploads\/\/BANNER-SVE-EN-1024x267.png 1024w, https:\/\/www.roto-kruna.hr\/wp-content\/uploads\/\/BANNER-SVE-EN-768x200.png 768w, https:\/\/www.roto-kruna.hr\/wp-content\/uploads\/\/BANNER-SVE-EN-1536x400.png 1536w, https:\/\/www.roto-kruna.hr\/wp-content\/uploads\/\/BANNER-SVE-EN-18x5.png 18w, https:\/\/www.roto-kruna.hr\/wp-content\/uploads\/\/BANNER-SVE-EN-800x208.png 800w\" sizes=\"(max-width: 1920px) 100vw, 1920px\" \/>\t\t\t\t\t\t\t\t\t\t\t\t\t\t\t<\/div>\n\t\t\t\t<\/div>\n\t\t\t\t\t<\/div>\n\t\t<\/div>\n\t\t\t\t\t<\/div>\n\t\t<\/section>\n\t\t\t\t<section class=\"elementor-section elementor-top-section elementor-element elementor-element-34f8ace elementor-section-content-middle elementor-section-boxed elementor-section-height-default elementor-section-height-default\" data-id=\"34f8ace\" data-element_type=\"section\">\n\t\t\t\t\t\t<div class=\"elementor-container elementor-column-gap-no\">\n\t\t\t\t\t<div class=\"elementor-column elementor-col-100 elementor-top-column elementor-element elementor-element-27f52ed\" data-id=\"27f52ed\" data-element_type=\"column\">\n\t\t\t<div class=\"elementor-widget-wrap elementor-element-populated\">\n\t\t\t\t\t\t<div class=\"elementor-element elementor-element-e58f7fe elementor-widget elementor-widget-heading\" data-id=\"e58f7fe\" data-element_type=\"widget\" data-widget_type=\"heading.default\">\n\t\t\t\t<div class=\"elementor-widget-container\">\n\t\t\t\t\t<h3 class=\"elementor-heading-title elementor-size-default\">Awards<\/h3>\t\t\t\t<\/div>\n\t\t\t\t<\/div>\n\t\t\t\t<section class=\"elementor-section elementor-inner-section elementor-element elementor-element-7a5fcf7 elementor-section-boxed elementor-section-height-default elementor-section-height-default\" data-id=\"7a5fcf7\" data-element_type=\"section\">\n\t\t\t\t\t\t<div class=\"elementor-container elementor-column-gap-default\">\n\t\t\t\t\t<div class=\"elementor-column elementor-col-100 elementor-inner-column elementor-element elementor-element-2454577\" data-id=\"2454577\" data-element_type=\"column\">\n\t\t\t<div class=\"elementor-widget-wrap elementor-element-populated\">\n\t\t\t\t\t\t<div class=\"elementor-element elementor-element-778ba85 elementor-widget elementor-widget-text-editor\" data-id=\"778ba85\" data-element_type=\"widget\" data-widget_type=\"text-editor.default\">\n\t\t\t\t<div class=\"elementor-widget-container\">\n\t\t\t\t\t\t\t\t\t<p>INTERNATIONAL AWARDS AND RECOGNITIONS<\/p><p>With the presentation of their innovation \"Roto rasp\" at the INOVA 2007 innovation fair, inventors Ivan, Roman, and Tomislav Kruni\u0107 were awarded a gold medal by an international jury chaired by the President of the Institute for Innovation and Patents from Great Britain. The Croatian Association of Inventors also awarded them the \"Nikola Tesla\" annual award for the best Croatian innovation of 2007. \"Roto rasp\", along with this significant recognition as an innovation with great commercial potential, was presented at the most famous international innovation exhibitions, where it won significant awards:<\/p><p class=\"translation-block\">2007 Croatia - Zagreb \t\t\tINOVA 2007 \t\t\t\tGrand Prix \"Nikola Tesla\" for the best innovation of the year and a gold medal<\/p><p class=\"translation-block\">2008 Croatia - Zagreb \t\t\tARCA 2008 \t\t\t\tARCA plaque<\/p><p class=\"translation-block\">2008 Serbia - Novi Sad \t\t\tTESLA FEST \t\t\t\tBronze medal<\/p><p class=\"translation-block\">2008 Germany - Nuremberg \t\tIENA 2008 \t\t\t\tGold medal<\/p><p class=\"translation-block\">2008 Romania - Bucharest \t\tINVENTIKA 2008 \t\t\tSilver medal<\/p><p class=\"translation-block\">2008 Belgium - Brussels \t\tEUREKA 2008 \t\t\t\tSilver medal<\/p><p class=\"translation-block\">2009 Switzerland - Geneva \t\tGENEVA PALEXPO \t\t\tGold medal<\/p><p class=\"translation-block\">2009 Hungary - Budapest \t\tGENIUS-EUROPE \t\t\tGenius medal<\/p><p class=\"translation-block\">2009 Hungary - Budapest \t\tGENIUS-EUROPE \t\t\tGenius medal<\/p><p class=\"translation-block\">2010 Croatia \u2013 Zagreb\t\t\tSPRING FAIR \t\t\t\tAward \"Valuable hands\"<\/p><p class=\"translation-block\">2011 Romania \u2013 Bucharest\t\tINVENTIKA \t\t\t\tGold medal<\/p><p class=\"translation-block\">2011 Poland - Warsaw \t\t\tIWIS \t\t\t\t\tGold medal<\/p><p class=\"translation-block\">2013 UK - London \t\t\tBIS \t\t\t\t\tGold medal and Double gold award for innovation of the year<\/p><p class=\"translation-block\">2014 Romania - Bucharest \t\tEUROINVENT \t\t\t\tGold and bronze medal<\/p><p class=\"translation-block\">2014 Taiwan - Kaohsiung \t\tKIE \t\t\t\t\tGold and silver medal<\/p><p class=\"translation-block\">2014 USA - Pittsburgh \t\t\tINPEX \t\t\t\t\tTwo gold medals (for the best innovative tool and for technical product design)<\/p><p class=\"translation-block\">2015 USA - Pittsburgh \t\t\tINPEX \t\t\t\t\tGold medal (for the Belt scraper)<\/p><p class=\"translation-block\">2016 Malaysia - Kuala Lumpur \t\tMTE \t\t\t\t\tGold medal.<\/p><p>2017 Japan Tokyo \t\t\tGold medal and \"Best International Invention Award\"<\/p><p>At the 52nd International Crafts Fair in Zagreb in 2010, we achieved the \"Valuable Hands\" award from the Ministry of Economy, Labour, and Entrepreneurship of the Republic of Croatia as the best innovation of the fair.<\/p>\t\t\t\t\t\t\t\t<\/div>\n\t\t\t\t<\/div>\n\t\t\t\t\t<\/div>\n\t\t<\/div>\n\t\t\t\t\t<\/div>\n\t\t<\/section>\n\t\t\t\t\t<\/div>\n\t\t<\/div>\n\t\t\t\t\t<\/div>\n\t\t<\/section>\n\t\t\t\t<section class=\"elementor-section elementor-top-section elementor-element elementor-element-49dbd08 elementor-section-boxed elementor-section-height-default elementor-section-height-default\" data-id=\"49dbd08\" data-element_type=\"section\">\n\t\t\t\t\t\t<div class=\"elementor-container elementor-column-gap-default\">\n\t\t\t\t\t<div class=\"elementor-column elementor-col-33 elementor-top-column elementor-element elementor-element-2999444\" data-id=\"2999444\" data-element_type=\"column\">\n\t\t\t<div class=\"elementor-widget-wrap elementor-element-populated\">\n\t\t\t\t\t\t<div class=\"elementor-element elementor-element-dbe4f71 elementor-widget elementor-widget-image\" data-id=\"dbe4f71\" data-element_type=\"widget\" data-widget_type=\"image.default\">\n\t\t\t\t<div class=\"elementor-widget-container\">\n\t\t\t\t\t\t\t\t\t\t\t\t\t\t\t<img decoding=\"async\" width=\"1500\" height=\"1000\" data-src=\"https:\/\/www.roto-kruna.hr\/wp-content\/uploads\/Untitled-1-min-1.jpg\" class=\"attachment-2048x2048 size-2048x2048 wp-image-2172 lazyload\" alt=\"\" data-srcset=\"https:\/\/www.roto-kruna.hr\/wp-content\/uploads\/Untitled-1-min-1.jpg 1500w, https:\/\/www.roto-kruna.hr\/wp-content\/uploads\/Untitled-1-min-1-800x533.jpg 800w, https:\/\/www.roto-kruna.hr\/wp-content\/uploads\/Untitled-1-min-1-300x200.jpg 300w, https:\/\/www.roto-kruna.hr\/wp-content\/uploads\/Untitled-1-min-1-1024x683.jpg 1024w, https:\/\/www.roto-kruna.hr\/wp-content\/uploads\/Untitled-1-min-1-768x512.jpg 768w\" data-sizes=\"(max-width: 1500px) 100vw, 1500px\" src=\"data:image\/svg+xml;base64,PHN2ZyB3aWR0aD0iMSIgaGVpZ2h0PSIxIiB4bWxucz0iaHR0cDovL3d3dy53My5vcmcvMjAwMC9zdmciPjwvc3ZnPg==\" style=\"--smush-placeholder-width: 1500px; --smush-placeholder-aspect-ratio: 1500\/1000;\" \/>\t\t\t\t\t\t\t\t\t\t\t\t\t\t\t<\/div>\n\t\t\t\t<\/div>\n\t\t\t\t\t<\/div>\n\t\t<\/div>\n\t\t\t\t<div class=\"elementor-column elementor-col-33 elementor-top-column elementor-element elementor-element-2f1a32a\" data-id=\"2f1a32a\" data-element_type=\"column\">\n\t\t\t<div class=\"elementor-widget-wrap elementor-element-populated\">\n\t\t\t\t\t\t<div class=\"elementor-element elementor-element-0f24d53 elementor-widget elementor-widget-image\" data-id=\"0f24d53\" data-element_type=\"widget\" data-widget_type=\"image.default\">\n\t\t\t\t<div class=\"elementor-widget-container\">\n\t\t\t\t\t\t\t\t\t\t\t\t\t\t\t<img decoding=\"async\" width=\"704\" height=\"1000\" data-src=\"https:\/\/www.roto-kruna.hr\/wp-content\/uploads\/3-min.jpg\" class=\"attachment-large size-large wp-image-2171 lazyload\" alt=\"\" data-srcset=\"https:\/\/www.roto-kruna.hr\/wp-content\/uploads\/3-min.jpg 704w, https:\/\/www.roto-kruna.hr\/wp-content\/uploads\/3-min-211x300.jpg 211w\" data-sizes=\"(max-width: 704px) 100vw, 704px\" src=\"data:image\/svg+xml;base64,PHN2ZyB3aWR0aD0iMSIgaGVpZ2h0PSIxIiB4bWxucz0iaHR0cDovL3d3dy53My5vcmcvMjAwMC9zdmciPjwvc3ZnPg==\" style=\"--smush-placeholder-width: 704px; --smush-placeholder-aspect-ratio: 704\/1000;\" \/>\t\t\t\t\t\t\t\t\t\t\t\t\t\t\t<\/div>\n\t\t\t\t<\/div>\n\t\t\t\t\t<\/div>\n\t\t<\/div>\n\t\t\t\t<div class=\"elementor-column elementor-col-33 elementor-top-column elementor-element elementor-element-db6ca8b\" data-id=\"db6ca8b\" data-element_type=\"column\">\n\t\t\t<div class=\"elementor-widget-wrap elementor-element-populated\">\n\t\t\t\t\t\t<div class=\"elementor-element elementor-element-3211266 elementor-widget elementor-widget-image\" data-id=\"3211266\" data-element_type=\"widget\" data-widget_type=\"image.default\">\n\t\t\t\t<div class=\"elementor-widget-container\">\n\t\t\t\t\t\t\t\t\t\t\t\t\t\t\t<img decoding=\"async\" width=\"1024\" height=\"683\" data-src=\"https:\/\/www.roto-kruna.hr\/wp-content\/uploads\/2-min-1024x683.jpg\" class=\"attachment-large size-large wp-image-2173 lazyload\" alt=\"\" data-srcset=\"https:\/\/www.roto-kruna.hr\/wp-content\/uploads\/2-min-1024x683.jpg 1024w, https:\/\/www.roto-kruna.hr\/wp-content\/uploads\/2-min-800x533.jpg 800w, https:\/\/www.roto-kruna.hr\/wp-content\/uploads\/2-min-300x200.jpg 300w, https:\/\/www.roto-kruna.hr\/wp-content\/uploads\/2-min-768x512.jpg 768w, https:\/\/www.roto-kruna.hr\/wp-content\/uploads\/2-min.jpg 1500w\" data-sizes=\"(max-width: 1024px) 100vw, 1024px\" src=\"data:image\/svg+xml;base64,PHN2ZyB3aWR0aD0iMSIgaGVpZ2h0PSIxIiB4bWxucz0iaHR0cDovL3d3dy53My5vcmcvMjAwMC9zdmciPjwvc3ZnPg==\" style=\"--smush-placeholder-width: 1024px; --smush-placeholder-aspect-ratio: 1024\/683;\" \/>\t\t\t\t\t\t\t\t\t\t\t\t\t\t\t<\/div>\n\t\t\t\t<\/div>\n\t\t\t\t\t<\/div>\n\t\t<\/div>\n\t\t\t\t\t<\/div>\n\t\t<\/section>\n\t\t\t\t<section class=\"elementor-section elementor-top-section elementor-element elementor-element-09dd8e0 elementor-section-boxed elementor-section-height-default elementor-section-height-default\" data-id=\"09dd8e0\" data-element_type=\"section\">\n\t\t\t\t\t\t<div class=\"elementor-container elementor-column-gap-default\">\n\t\t\t\t\t<div class=\"elementor-column elementor-col-33 elementor-top-column elementor-element elementor-element-c5aeb6e\" data-id=\"c5aeb6e\" data-element_type=\"column\">\n\t\t\t<div class=\"elementor-widget-wrap\">\n\t\t\t\t\t\t\t<\/div>\n\t\t<\/div>\n\t\t\t\t<div class=\"elementor-column elementor-col-33 elementor-top-column elementor-element elementor-element-2d21a2b\" data-id=\"2d21a2b\" data-element_type=\"column\">\n\t\t\t<div class=\"elementor-widget-wrap elementor-element-populated\">\n\t\t\t\t\t\t<div class=\"elementor-element elementor-element-0cfaf50 elementor-align-center elementor-widget elementor-widget-button\" data-id=\"0cfaf50\" data-element_type=\"widget\" data-widget_type=\"button.default\">\n\t\t\t\t<div class=\"elementor-widget-container\">\n\t\t\t\t\t\t\t\t\t<div class=\"elementor-button-wrapper\">\n\t\t\t\t\t<a class=\"elementor-button elementor-button-link elementor-size-sm elementor-animation-grow\" href=\"https:\/\/www.roto-kruna.hr\/en\/diplome\/\">\n\t\t\t\t\t\t<span class=\"elementor-button-content-wrapper\">\n\t\t\t\t\t\t\t\t\t<span class=\"elementor-button-text\">Gallery<\/span>\n\t\t\t\t\t<\/span>\n\t\t\t\t\t<\/a>\n\t\t\t\t<\/div>\n\t\t\t\t\t\t\t\t<\/div>\n\t\t\t\t<\/div>\n\t\t\t\t\t<\/div>\n\t\t<\/div>\n\t\t\t\t<div class=\"elementor-column elementor-col-33 elementor-top-column elementor-element elementor-element-71a3136\" data-id=\"71a3136\" data-element_type=\"column\">\n\t\t\t<div class=\"elementor-widget-wrap\">\n\t\t\t\t\t\t\t<\/div>\n\t\t<\/div>\n\t\t\t\t\t<\/div>\n\t\t<\/section>\n\t\t\t\t<section class=\"elementor-section elementor-top-section elementor-element elementor-element-9e226fc elementor-section-content-middle elementor-section-boxed elementor-section-height-default elementor-section-height-default\" data-id=\"9e226fc\" data-element_type=\"section\">\n\t\t\t\t\t\t<div class=\"elementor-container elementor-column-gap-no\">\n\t\t\t\t\t<div class=\"elementor-column elementor-col-100 elementor-top-column elementor-element elementor-element-0c57735\" data-id=\"0c57735\" data-element_type=\"column\">\n\t\t\t<div class=\"elementor-widget-wrap elementor-element-populated\">\n\t\t\t\t\t\t<div class=\"elementor-element elementor-element-8b67543 elementor-widget elementor-widget-heading\" data-id=\"8b67543\" data-element_type=\"widget\" data-widget_type=\"heading.default\">\n\t\t\t\t<div class=\"elementor-widget-container\">\n\t\t\t\t\t<h2 class=\"elementor-heading-title elementor-size-default\">MEDALS<\/h2>\t\t\t\t<\/div>\n\t\t\t\t<\/div>\n\t\t\t\t<div class=\"elementor-element elementor-element-90d2702 elementor-skin-carousel elementor-pagination-type-bullets elementor-pagination-position-outside elementor-widget elementor-widget-media-carousel\" data-id=\"90d2702\" data-element_type=\"widget\" data-settings=\"{&quot;slides_per_view&quot;:&quot;5&quot;,&quot;space_between&quot;:{&quot;unit&quot;:&quot;px&quot;,&quot;size&quot;:0,&quot;sizes&quot;:[]},&quot;autoplay_speed&quot;:2000,&quot;lazyload&quot;:&quot;yes&quot;,&quot;skin&quot;:&quot;carousel&quot;,&quot;effect&quot;:&quot;slide&quot;,&quot;pagination&quot;:&quot;bullets&quot;,&quot;speed&quot;:500,&quot;autoplay&quot;:&quot;yes&quot;,&quot;loop&quot;:&quot;yes&quot;,&quot;space_between_tablet&quot;:{&quot;unit&quot;:&quot;px&quot;,&quot;size&quot;:10,&quot;sizes&quot;:[]},&quot;space_between_mobile&quot;:{&quot;unit&quot;:&quot;px&quot;,&quot;size&quot;:10,&quot;sizes&quot;:[]}}\" data-widget_type=\"media-carousel.default\">\n\t\t\t\t<div class=\"elementor-widget-container\">\n\t\t\t\t\t\t\t\t\t<div class=\"elementor-swiper\">\n\t\t\t\t\t<div class=\"elementor-main-swiper swiper\" role=\"region\" aria-roledescription=\"carousel\" aria-label=\"Slides\">\n\t\t\t\t<div class=\"swiper-wrapper\">\n\t\t\t\t\t\t\t\t\t\t\t<div class=\"swiper-slide\" role=\"group\" aria-roledescription=\"slide\">\n\t\t\t\t\t\t\t\t\t<div class=\"elementor-carousel-image swiper-lazy\" role=\"img\" aria-label=\"CELJE - SLOVENIA\" data-background=\"https:\/\/www.roto-kruna.hr\/wp-content\/uploads\/CELJE-SLOVENIA.png\">\n\n\t\t\t\t\t\t\t<div class=\"swiper-lazy-preloader\"><\/div>\n\t\t\t\n\t\t\t\t\t<\/div>\n\t\t\t\t\t\t\t\t<\/div>\n\t\t\t\t\t\t\t\t\t\t\t<div class=\"swiper-slide\" role=\"group\" aria-roledescription=\"slide\">\n\t\t\t\t\t\t\t\t\t<div class=\"elementor-carousel-image swiper-lazy\" role=\"img\" aria-label=\"BUDAPEST - HUNGARY\" data-background=\"https:\/\/www.roto-kruna.hr\/wp-content\/uploads\/BUDAPEST-HUNGARY.png\">\n\n\t\t\t\t\t\t\t<div class=\"swiper-lazy-preloader\"><\/div>\n\t\t\t\n\t\t\t\t\t<\/div>\n\t\t\t\t\t\t\t\t<\/div>\n\t\t\t\t\t\t\t\t\t\t\t<div class=\"swiper-slide\" role=\"group\" aria-roledescription=\"slide\">\n\t\t\t\t\t\t\t\t\t<div class=\"elementor-carousel-image swiper-lazy\" role=\"img\" aria-label=\"BUCHAREST - ROMANIA\" data-background=\"https:\/\/www.roto-kruna.hr\/wp-content\/uploads\/BUCHAREST-ROMANIA.png\">\n\n\t\t\t\t\t\t\t<div class=\"swiper-lazy-preloader\"><\/div>\n\t\t\t\n\t\t\t\t\t<\/div>\n\t\t\t\t\t\t\t\t<\/div>\n\t\t\t\t\t\t\t\t\t\t\t<div class=\"swiper-slide\" role=\"group\" aria-roledescription=\"slide\">\n\t\t\t\t\t\t\t\t\t<div class=\"elementor-carousel-image swiper-lazy\" role=\"img\" aria-label=\"ZAGREB - CROATIA\" data-background=\"https:\/\/www.roto-kruna.hr\/wp-content\/uploads\/ZAGREB-CROATIA.png\">\n\n\t\t\t\t\t\t\t<div class=\"swiper-lazy-preloader\"><\/div>\n\t\t\t\n\t\t\t\t\t<\/div>\n\t\t\t\t\t\t\t\t<\/div>\n\t\t\t\t\t\t\t\t\t\t\t<div class=\"swiper-slide\" role=\"group\" aria-roledescription=\"slide\">\n\t\t\t\t\t\t\t\t\t<div class=\"elementor-carousel-image swiper-lazy\" role=\"img\" aria-label=\"WARSHAVA - POLAND\" data-background=\"https:\/\/www.roto-kruna.hr\/wp-content\/uploads\/WARSHAVA-POLAND.png\">\n\n\t\t\t\t\t\t\t<div class=\"swiper-lazy-preloader\"><\/div>\n\t\t\t\n\t\t\t\t\t<\/div>\n\t\t\t\t\t\t\t\t<\/div>\n\t\t\t\t\t\t\t\t\t\t\t<div class=\"swiper-slide\" role=\"group\" aria-roledescription=\"slide\">\n\t\t\t\t\t\t\t\t\t<div class=\"elementor-carousel-image swiper-lazy\" role=\"img\" aria-label=\"TOKYO - JAPAN\" data-background=\"https:\/\/www.roto-kruna.hr\/wp-content\/uploads\/TOKYO-JAPAN.png\">\n\n\t\t\t\t\t\t\t<div class=\"swiper-lazy-preloader\"><\/div>\n\t\t\t\n\t\t\t\t\t<\/div>\n\t\t\t\t\t\t\t\t<\/div>\n\t\t\t\t\t\t\t\t\t\t\t<div class=\"swiper-slide\" role=\"group\" aria-roledescription=\"slide\">\n\t\t\t\t\t\t\t\t\t<div class=\"elementor-carousel-image swiper-lazy\" role=\"img\" aria-label=\"PITTSBURGH - SAD\" data-background=\"https:\/\/www.roto-kruna.hr\/wp-content\/uploads\/PITTSBURGH-SAD.png\">\n\n\t\t\t\t\t\t\t<div class=\"swiper-lazy-preloader\"><\/div>\n\t\t\t\n\t\t\t\t\t<\/div>\n\t\t\t\t\t\t\t\t<\/div>\n\t\t\t\t\t\t\t\t\t\t\t<div class=\"swiper-slide\" role=\"group\" aria-roledescription=\"slide\">\n\t\t\t\t\t\t\t\t\t<div class=\"elementor-carousel-image swiper-lazy\" role=\"img\" aria-label=\"N\u00dcRNBERG - GERMANY\" data-background=\"https:\/\/www.roto-kruna.hr\/wp-content\/uploads\/NURNBERG-GERMANY.png\">\n\n\t\t\t\t\t\t\t<div class=\"swiper-lazy-preloader\"><\/div>\n\t\t\t\n\t\t\t\t\t<\/div>\n\t\t\t\t\t\t\t\t<\/div>\n\t\t\t\t\t\t\t\t\t\t\t<div class=\"swiper-slide\" role=\"group\" aria-roledescription=\"slide\">\n\t\t\t\t\t\t\t\t\t<div class=\"elementor-carousel-image swiper-lazy\" role=\"img\" aria-label=\"LONDON - ENGLAND\" data-background=\"https:\/\/www.roto-kruna.hr\/wp-content\/uploads\/LONDON-ENGLAND.png\">\n\n\t\t\t\t\t\t\t<div class=\"swiper-lazy-preloader\"><\/div>\n\t\t\t\n\t\t\t\t\t<\/div>\n\t\t\t\t\t\t\t\t<\/div>\n\t\t\t\t\t\t\t\t\t\t\t<div class=\"swiper-slide\" role=\"group\" aria-roledescription=\"slide\">\n\t\t\t\t\t\t\t\t\t<div class=\"elementor-carousel-image swiper-lazy\" role=\"img\" aria-label=\"KUALA LUMPUR - MALYASIA\" data-background=\"https:\/\/www.roto-kruna.hr\/wp-content\/uploads\/KUALA-LUMPUR-MALYASIA.png\">\n\n\t\t\t\t\t\t\t<div class=\"swiper-lazy-preloader\"><\/div>\n\t\t\t\n\t\t\t\t\t<\/div>\n\t\t\t\t\t\t\t\t<\/div>\n\t\t\t\t\t\t\t\t\t\t\t<div class=\"swiper-slide\" role=\"group\" aria-roledescription=\"slide\">\n\t\t\t\t\t\t\t\t\t<div class=\"elementor-carousel-image swiper-lazy\" role=\"img\" aria-label=\"KAUSHIUNG - TAIWAN\" data-background=\"https:\/\/www.roto-kruna.hr\/wp-content\/uploads\/KAUSHIUNG-TAIWAN.png\">\n\n\t\t\t\t\t\t\t<div class=\"swiper-lazy-preloader\"><\/div>\n\t\t\t\n\t\t\t\t\t<\/div>\n\t\t\t\t\t\t\t\t<\/div>\n\t\t\t\t\t\t\t\t\t\t\t<div class=\"swiper-slide\" role=\"group\" aria-roledescription=\"slide\">\n\t\t\t\t\t\t\t\t\t<div class=\"elementor-carousel-image swiper-lazy\" role=\"img\" aria-label=\"GENEVE - SWITZERLAND\" data-background=\"https:\/\/www.roto-kruna.hr\/wp-content\/uploads\/GENEVE-SWITZERLAND.png\">\n\n\t\t\t\t\t\t\t<div class=\"swiper-lazy-preloader\"><\/div>\n\t\t\t\n\t\t\t\t\t<\/div>\n\t\t\t\t\t\t\t\t<\/div>\n\t\t\t\t\t\t\t\t\t<\/div>\n\t\t\t\t\t\t\t\t\t\t\t\t\t\t\t\t\t\t\t\t<div class=\"swiper-pagination\"><\/div>\n\t\t\t\t\t\t\t\t\t\t\t\t<\/div>\n\t\t\t\t<\/div>\n\t\t\t\t\t\t\t\t<\/div>\n\t\t\t\t<\/div>\n\t\t\t\t\t<\/div>\n\t\t<\/div>\n\t\t\t\t\t<\/div>\n\t\t<\/section>\n\t\t\t\t<\/div>","protected":false},"excerpt":{"rendered":"<p>Nagrade ME\u0110UNARODNE NAGRADE I PRIZNANJA Nastupom na sajmu inovacija INOVA 2007. godine sa inovacijom Roto ra\u0161pa, od strane me\u0111unarodnog ocjenjiva\u010dkog suda kojim je predsjedavao predsjednik instituta za inovacije i patente iz Velike Britanije, inovatori Ivan, Roman i Tomislav Kruni\u0107 nagra\u0111eni su zlatnim odli\u010djem, a Savez inovatora Hrvatske dodijelio im je godi\u0161nju nagradu &#8220;Nikola Tesla&#8221;, za [&hellip;]<\/p>","protected":false},"author":3,"featured_media":0,"parent":0,"menu_order":0,"comment_status":"closed","ping_status":"closed","template":"","meta":{"site-sidebar-layout":"no-sidebar","site-content-layout":"page-builder","ast-site-content-layout":"default","site-content-style":"default","site-sidebar-style":"default","ast-global-header-display":"","ast-banner-title-visibility":"","ast-main-header-display":"","ast-hfb-above-header-display":"","ast-hfb-below-header-display":"","ast-hfb-mobile-header-display":"","site-post-title":"disabled","ast-breadcrumbs-content":"","ast-featured-img":"disabled","footer-sml-layout":"","ast-disable-related-posts":"","theme-transparent-header-meta":"","adv-header-id-meta":"","stick-header-meta":"","header-above-stick-meta":"","header-main-stick-meta":"","header-below-stick-meta":"","astra-migrate-meta-layouts":"default","ast-page-background-enabled":"default","ast-page-background-meta":{"desktop":{"background-color":"var(--ast-global-color-4)","background-image":"","background-repeat":"repeat","background-position":"center center","background-size":"auto","background-attachment":"scroll","background-type":"","background-media":"","overlay-type":"","overlay-color":"","overlay-opacity":"","overlay-gradient":""},"tablet":{"background-color":"","background-image":"","background-repeat":"repeat","background-position":"center center","background-size":"auto","background-attachment":"scroll","background-type":"","background-media":"","overlay-type":"","overlay-color":"","overlay-opacity":"","overlay-gradient":""},"mobile":{"background-color":"","background-image":"","background-repeat":"repeat","background-position":"center center","background-size":"auto","background-attachment":"scroll","background-type":"","background-media":"","overlay-type":"","overlay-color":"","overlay-opacity":"","overlay-gradient":""}},"ast-content-background-meta":{"desktop":{"background-color":"var(--ast-global-color-5)","background-image":"","background-repeat":"repeat","background-position":"center center","background-size":"auto","background-attachment":"scroll","background-type":"","background-media":"","overlay-type":"","overlay-color":"","overlay-opacity":"","overlay-gradient":""},"tablet":{"background-color":"var(--ast-global-color-5)","background-image":"","background-repeat":"repeat","background-position":"center center","background-size":"auto","background-attachment":"scroll","background-type":"","background-media":"","overlay-type":"","overlay-color":"","overlay-opacity":"","overlay-gradient":""},"mobile":{"background-color":"var(--ast-global-color-5)","background-image":"","background-repeat":"repeat","background-position":"center center","background-size":"auto","background-attachment":"scroll","background-type":"","background-media":"","overlay-type":"","overlay-color":"","overlay-opacity":"","overlay-gradient":""}},"footnotes":""},"class_list":["post-1714","page","type-page","status-publish","hentry"],"_links":{"self":[{"href":"https:\/\/www.roto-kruna.hr\/en\/wp-json\/wp\/v2\/pages\/1714","targetHints":{"allow":["GET"]}}],"collection":[{"href":"https:\/\/www.roto-kruna.hr\/en\/wp-json\/wp\/v2\/pages"}],"about":[{"href":"https:\/\/www.roto-kruna.hr\/en\/wp-json\/wp\/v2\/types\/page"}],"author":[{"embeddable":true,"href":"https:\/\/www.roto-kruna.hr\/en\/wp-json\/wp\/v2\/users\/3"}],"replies":[{"embeddable":true,"href":"https:\/\/www.roto-kruna.hr\/en\/wp-json\/wp\/v2\/comments?post=1714"}],"version-history":[{"count":37,"href":"https:\/\/www.roto-kruna.hr\/en\/wp-json\/wp\/v2\/pages\/1714\/revisions"}],"predecessor-version":[{"id":2886,"href":"https:\/\/www.roto-kruna.hr\/en\/wp-json\/wp\/v2\/pages\/1714\/revisions\/2886"}],"wp:attachment":[{"href":"https:\/\/www.roto-kruna.hr\/en\/wp-json\/wp\/v2\/media?parent=1714"}],"curies":[{"name":"wp","href":"https:\/\/api.w.org\/{rel}","templated":true}]}}